{"id":26796,"date":"2025-06-24T21:27:01","date_gmt":"2025-06-24T21:27:01","guid":{"rendered":"https:\/\/visionciudadana.com.mx\/oficial\/?page_id=26796"},"modified":"2025-06-24T21:27:50","modified_gmt":"2025-06-24T21:27:50","slug":"palco-premier","status":"publish","type":"page","link":"https:\/\/visionciudadana.com.mx\/oficial\/palco-premier\/","title":{"rendered":"Palco Premier"},"content":{"rendered":"\t\t<div data-elementor-type=\"wp-page\" data-elementor-id=\"26796\" class=\"elementor elementor-26796\">\n\t\t\t\t<div class=\"elementor-element elementor-element-678d616a e-flex e-con-boxed e-con e-parent\" data-id=\"678d616a\" data-element_type=\"container\" data-e-type=\"container\" data-settings=\"{&quot;background_background&quot;:&quot;gradient&quot;}\">\n\t\t\t\t\t<div class=\"e-con-inner\">\n\t\t\t\t<div class=\"elementor-element elementor-element-8d24a56 elementor-widget elementor-widget-heading\" data-id=\"8d24a56\" data-element_type=\"widget\" data-e-type=\"widget\" data-widget_type=\"heading.default\">\n\t\t\t\t<div class=\"elementor-widget-container\">\n\t\t\t\t\t<h2 class=\"elementor-heading-title elementor-size-default\">DEPORTES<\/h2>\t\t\t\t<\/div>\n\t\t\t\t<\/div>\n\t\t\t\t\t<\/div>\n\t\t\t\t<\/div>\n\t\t<div class=\"elementor-element elementor-element-689c19f6 e-flex e-con-boxed e-con e-parent\" data-id=\"689c19f6\" data-element_type=\"container\" data-e-type=\"container\">\n\t\t\t\t\t<div class=\"e-con-inner\">\n\t\t<div class=\"elementor-element elementor-element-3e10b86c e-con-full e-flex e-con e-child\" data-id=\"3e10b86c\" data-element_type=\"container\" data-e-type=\"container\">\n\t\t\t\t<div class=\"elementor-element elementor-element-26748f1 xpro-post-grid-align-left elementor-widget__width-inherit elementor-widget elementor-widget-xpro-post-grid\" data-id=\"26748f1\" data-element_type=\"widget\" data-e-type=\"widget\" data-settings=\"{&quot;column_grid&quot;:&quot;2&quot;,&quot;space_between&quot;:{&quot;unit&quot;:&quot;px&quot;,&quot;size&quot;:5,&quot;sizes&quot;:[]},&quot;column_grid_tablet&quot;:&quot;2&quot;,&quot;column_grid_mobile&quot;:&quot;1&quot;,&quot;image_height&quot;:{&quot;unit&quot;:&quot;px&quot;,&quot;size&quot;:&quot;&quot;,&quot;sizes&quot;:[]},&quot;image_height_tablet&quot;:{&quot;unit&quot;:&quot;px&quot;,&quot;size&quot;:&quot;&quot;,&quot;sizes&quot;:[]},&quot;image_height_mobile&quot;:{&quot;unit&quot;:&quot;px&quot;,&quot;size&quot;:&quot;&quot;,&quot;sizes&quot;:[]},&quot;space_between_tablet&quot;:{&quot;unit&quot;:&quot;px&quot;,&quot;size&quot;:15,&quot;sizes&quot;:[]},&quot;space_between_mobile&quot;:{&quot;unit&quot;:&quot;px&quot;,&quot;size&quot;:15,&quot;sizes&quot;:[]},&quot;content_height&quot;:{&quot;unit&quot;:&quot;px&quot;,&quot;size&quot;:&quot;&quot;,&quot;sizes&quot;:[]},&quot;content_height_tablet&quot;:{&quot;unit&quot;:&quot;px&quot;,&quot;size&quot;:&quot;&quot;,&quot;sizes&quot;:[]},&quot;content_height_mobile&quot;:{&quot;unit&quot;:&quot;px&quot;,&quot;size&quot;:&quot;&quot;,&quot;sizes&quot;:[]}}\" data-widget_type=\"xpro-post-grid.default\">\n\t\t\t\t<div class=\"elementor-widget-container\">\n\t\t\t\t\t\n\t\t<div class=\"xpro-post-grid-wrapper xpro-post-grid-layout-1\">\n\n\t\t\t\n\t\t\t\t<div class=\"xpro-post-grid-main cbp\">\n\n\t\t\t\t\t\n<div class=\"cbp-item xpro-post-grid-item\">\n\t\t\t<div class=\"xpro-post-grid-image\">\n\t\t\t<img fetchpriority=\"high\" decoding=\"async\" width=\"320\" height=\"320\" src=\"https:\/\/visionciudadana.com.mx\/oficial\/wp-content\/uploads\/2026\/02\/palco-premier-2-1.jpg\" class=\"attachment-full size-full\" alt=\"\" srcset=\"https:\/\/visionciudadana.com.mx\/oficial\/wp-content\/uploads\/2026\/02\/palco-premier-2-1.jpg 320w, https:\/\/visionciudadana.com.mx\/oficial\/wp-content\/uploads\/2026\/02\/palco-premier-2-1-300x300.jpg 300w, https:\/\/visionciudadana.com.mx\/oficial\/wp-content\/uploads\/2026\/02\/palco-premier-2-1-150x150.jpg 150w\" sizes=\"(max-width: 320px) 100vw, 320px\" \/>\t\t\t\t\t<\/div>\n\t\n\t<div class=\"xpro-post-grid-content\">\n\n\t\t\n\t\t\t\t\t<ul class=\"xpro-post-grid-meta-list\">\n\t\t\t\t\t\t\t\t\t\t\t\t\t\t\t<li class=\"xpro-post-grid-meta-date\">\n\t\t\t\t\t\t\t<i aria-hidden=\"true\" class=\"far fa-calendar\"><\/i>\t\t\t\t\t\t\t20\/02\/2026\t\t\t\t\t\t<\/li>\n\t\t\t\t\t\t\t\t\t\t\t\t\t\t\t\n\t\t\t\t\t\t\t<\/ul>\n\t\t\n\t\t<a href=\"https:\/\/visionciudadana.com.mx\/oficial\/2026\/02\/20\/tras-60-anos-de-historia-tomateros-la-franquicia-mas-exitosa-de-la-lmp\/\">\n\t\t\t<h2 class=\"xpro-post-grid-title\">Tras 60 a\u00f1os de historia, Tomateros, la franquicia m\u00e1s exitosa de la LMP<\/h2>\n\t\t<\/a>\n\n\t\t\n\t\t\t\t\t<p class=\"xpro-post-grid-excerpt\">= La estad\u00edstica es clara e irrebatible &nbsp; = Con 21 series finales y 13 campeonatos &nbsp; = Hermosillo tiene 17, pero con 7 temporadas m\u00e1s &nbsp; = En...<\/p>\n\t\t\t\t\t\t\t<a href=\"https:\/\/visionciudadana.com.mx\/oficial\/2026\/02\/20\/tras-60-anos-de-historia-tomateros-la-franquicia-mas-exitosa-de-la-lmp\/\" class=\"xpro-post-grid-btn\">Ver +<\/a>\n\t\t\t\t\n\t\t\n\t<\/div>\n<\/div>\n\n<div class=\"cbp-item xpro-post-grid-item\">\n\t\t\t<div class=\"xpro-post-grid-image\">\n\t\t\t<img decoding=\"async\" width=\"320\" height=\"320\" src=\"https:\/\/visionciudadana.com.mx\/oficial\/wp-content\/uploads\/2026\/02\/palco-premier-2.jpg\" class=\"attachment-full size-full\" alt=\"\" srcset=\"https:\/\/visionciudadana.com.mx\/oficial\/wp-content\/uploads\/2026\/02\/palco-premier-2.jpg 320w, https:\/\/visionciudadana.com.mx\/oficial\/wp-content\/uploads\/2026\/02\/palco-premier-2-300x300.jpg 300w, https:\/\/visionciudadana.com.mx\/oficial\/wp-content\/uploads\/2026\/02\/palco-premier-2-150x150.jpg 150w\" sizes=\"(max-width: 320px) 100vw, 320px\" \/>\t\t\t\t\t<\/div>\n\t\n\t<div class=\"xpro-post-grid-content\">\n\n\t\t\n\t\t\t\t\t<ul class=\"xpro-post-grid-meta-list\">\n\t\t\t\t\t\t\t\t\t\t\t\t\t\t\t<li class=\"xpro-post-grid-meta-date\">\n\t\t\t\t\t\t\t<i aria-hidden=\"true\" class=\"far fa-calendar\"><\/i>\t\t\t\t\t\t\t12\/02\/2026\t\t\t\t\t\t<\/li>\n\t\t\t\t\t\t\t\t\t\t\t\t\t\t\t\n\t\t\t\t\t\t\t<\/ul>\n\t\t\n\t\t<a href=\"https:\/\/visionciudadana.com.mx\/oficial\/2026\/02\/12\/increible-la-remontada-increible-el-desenlace-de-plano-no-nos-tocaba\/\">\n\t\t\t<h2 class=\"xpro-post-grid-title\">Incre\u00edble la remontada, incre\u00edble el desenlace; de plano, no nos tocaba<\/h2>\n\t\t<\/a>\n\n\t\t\n\t\t\t\t\t<p class=\"xpro-post-grid-excerpt\">=Inusual definici\u00f3n en la Serie del Caribe = Culiac\u00e1n quedo a nada de su tercer campeonato = Charros de Jalisco refrend\u00f3 dominio sobre los guindas = Pese a todo,...<\/p>\n\t\t\t\t\t\t\t<a href=\"https:\/\/visionciudadana.com.mx\/oficial\/2026\/02\/12\/increible-la-remontada-increible-el-desenlace-de-plano-no-nos-tocaba\/\" class=\"xpro-post-grid-btn\">Ver +<\/a>\n\t\t\t\t\n\t\t\n\t<\/div>\n<\/div>\n\n<div class=\"cbp-item xpro-post-grid-item\">\n\t\t\t<div class=\"xpro-post-grid-image\">\n\t\t\t<img decoding=\"async\" width=\"320\" height=\"320\" src=\"https:\/\/visionciudadana.com.mx\/oficial\/wp-content\/uploads\/2026\/01\/palco-premier-2-6.jpg\" class=\"attachment-full size-full\" alt=\"\" srcset=\"https:\/\/visionciudadana.com.mx\/oficial\/wp-content\/uploads\/2026\/01\/palco-premier-2-6.jpg 320w, https:\/\/visionciudadana.com.mx\/oficial\/wp-content\/uploads\/2026\/01\/palco-premier-2-6-300x300.jpg 300w, https:\/\/visionciudadana.com.mx\/oficial\/wp-content\/uploads\/2026\/01\/palco-premier-2-6-150x150.jpg 150w\" sizes=\"(max-width: 320px) 100vw, 320px\" \/>\t\t\t\t\t<\/div>\n\t\n\t<div class=\"xpro-post-grid-content\">\n\n\t\t\n\t\t\t\t\t<ul class=\"xpro-post-grid-meta-list\">\n\t\t\t\t\t\t\t\t\t\t\t\t\t\t\t<li class=\"xpro-post-grid-meta-date\">\n\t\t\t\t\t\t\t<i aria-hidden=\"true\" class=\"far fa-calendar\"><\/i>\t\t\t\t\t\t\t30\/01\/2026\t\t\t\t\t\t<\/li>\n\t\t\t\t\t\t\t\t\t\t\t\t\t\t\t\n\t\t\t\t\t\t\t<\/ul>\n\t\t\n\t\t<a href=\"https:\/\/visionciudadana.com.mx\/oficial\/2026\/01\/30\/frente-a-frente-de-nuevo-charros-y-tomateros-ahora-en-la-serie-del-caribe\/\">\n\t\t\t<h2 class=\"xpro-post-grid-title\">Frente a frente, de nuevo, charros y tomateros, ahora en la serie del Caribe<\/h2>\n\t\t<\/a>\n\n\t\t\n\t\t\t\t\t<p class=\"xpro-post-grid-excerpt\">= Jugar\u00e1n el mi\u00e9rcoles, en el horario estelar = \u00bfSaldar\u00e1 Culiac\u00e1n parte de la deuda? = Que eligi\u00f3 mejores refuerzos, dicen\u2026 = Historia similar a la SC Hermosillo-1974 =...<\/p>\n\t\t\t\t\t\t\t<a href=\"https:\/\/visionciudadana.com.mx\/oficial\/2026\/01\/30\/frente-a-frente-de-nuevo-charros-y-tomateros-ahora-en-la-serie-del-caribe\/\" class=\"xpro-post-grid-btn\">Ver +<\/a>\n\t\t\t\t\n\t\t\n\t<\/div>\n<\/div>\n\n<div class=\"cbp-item xpro-post-grid-item\">\n\t\t\t<div class=\"xpro-post-grid-image\">\n\t\t\t<img decoding=\"async\" width=\"320\" height=\"320\" src=\"https:\/\/visionciudadana.com.mx\/oficial\/wp-content\/uploads\/2026\/01\/palco-premier-2-6.jpg\" class=\"attachment-full size-full\" alt=\"\" srcset=\"https:\/\/visionciudadana.com.mx\/oficial\/wp-content\/uploads\/2026\/01\/palco-premier-2-6.jpg 320w, https:\/\/visionciudadana.com.mx\/oficial\/wp-content\/uploads\/2026\/01\/palco-premier-2-6-300x300.jpg 300w, https:\/\/visionciudadana.com.mx\/oficial\/wp-content\/uploads\/2026\/01\/palco-premier-2-6-150x150.jpg 150w\" sizes=\"(max-width: 320px) 100vw, 320px\" \/>\t\t\t\t\t<\/div>\n\t\n\t<div class=\"xpro-post-grid-content\">\n\n\t\t\n\t\t\t\t\t<ul class=\"xpro-post-grid-meta-list\">\n\t\t\t\t\t\t\t\t\t\t\t\t\t\t\t<li class=\"xpro-post-grid-meta-date\">\n\t\t\t\t\t\t\t<i aria-hidden=\"true\" class=\"far fa-calendar\"><\/i>\t\t\t\t\t\t\t28\/01\/2026\t\t\t\t\t\t<\/li>\n\t\t\t\t\t\t\t\t\t\t\t\t\t\t\t\n\t\t\t\t\t\t\t<\/ul>\n\t\t\n\t\t<a href=\"https:\/\/visionciudadana.com.mx\/oficial\/2026\/01\/28\/a-pesar-de-todo-una-gran-campana-la-de-tomateros\/\">\n\t\t\t<h2 class=\"xpro-post-grid-title\">A pesar de todo, una gran campa\u00f1a la de Tomateros<\/h2>\n\t\t<\/a>\n\n\t\t\n\t\t\t\t\t<p class=\"xpro-post-grid-excerpt\">= El desastre en serie la final es punto y aparte = Llegar a la final no es un fracaso, para nada = De frente los dos mejores, cualquiera...<\/p>\n\t\t\t\t\t\t\t<a href=\"https:\/\/visionciudadana.com.mx\/oficial\/2026\/01\/28\/a-pesar-de-todo-una-gran-campana-la-de-tomateros\/\" class=\"xpro-post-grid-btn\">Ver +<\/a>\n\t\t\t\t\n\t\t\n\t<\/div>\n<\/div>\n\n<div class=\"cbp-item xpro-post-grid-item\">\n\t\t\t<div class=\"xpro-post-grid-image\">\n\t\t\t<img loading=\"lazy\" decoding=\"async\" width=\"320\" height=\"320\" src=\"https:\/\/visionciudadana.com.mx\/oficial\/wp-content\/uploads\/2026\/01\/palco-premier-2-5.jpg\" class=\"attachment-full size-full\" alt=\"\" srcset=\"https:\/\/visionciudadana.com.mx\/oficial\/wp-content\/uploads\/2026\/01\/palco-premier-2-5.jpg 320w, https:\/\/visionciudadana.com.mx\/oficial\/wp-content\/uploads\/2026\/01\/palco-premier-2-5-300x300.jpg 300w, https:\/\/visionciudadana.com.mx\/oficial\/wp-content\/uploads\/2026\/01\/palco-premier-2-5-150x150.jpg 150w\" sizes=\"(max-width: 320px) 100vw, 320px\" \/>\t\t\t\t\t<\/div>\n\t\n\t<div class=\"xpro-post-grid-content\">\n\n\t\t\n\t\t\t\t\t<ul class=\"xpro-post-grid-meta-list\">\n\t\t\t\t\t\t\t\t\t\t\t\t\t\t\t<li class=\"xpro-post-grid-meta-date\">\n\t\t\t\t\t\t\t<i aria-hidden=\"true\" class=\"far fa-calendar\"><\/i>\t\t\t\t\t\t\t26\/01\/2026\t\t\t\t\t\t<\/li>\n\t\t\t\t\t\t\t\t\t\t\t\t\t\t\t\n\t\t\t\t\t\t\t<\/ul>\n\t\t\n\t\t<a href=\"https:\/\/visionciudadana.com.mx\/oficial\/2026\/01\/26\/y-donde-estan-los-refuerzos-para-charros-y-tomateros\/\">\n\t\t\t<h2 class=\"xpro-post-grid-title\">\u00bfY D\u00d3NDE EST\u00c1N LOS REFUERZOS PARA CHARROS Y TOMATEROS\u2026?<\/h2>\n\t\t<\/a>\n\n\t\t\n\t\t\t\t\t<p class=\"xpro-post-grid-excerpt\">= Frente a la Serie del Caribe Guadalajara-2026. = Ya de vacaciones la mayor\u00eda de los peloteros = Problema nada menor para dirigentes de LAMP = Para Charros y...<\/p>\n\t\t\t\t\t\t\t<a href=\"https:\/\/visionciudadana.com.mx\/oficial\/2026\/01\/26\/y-donde-estan-los-refuerzos-para-charros-y-tomateros\/\" class=\"xpro-post-grid-btn\">Ver +<\/a>\n\t\t\t\t\n\t\t\n\t<\/div>\n<\/div>\n\n<div class=\"cbp-item xpro-post-grid-item\">\n\t\t\t<div class=\"xpro-post-grid-image\">\n\t\t\t<img loading=\"lazy\" decoding=\"async\" width=\"320\" height=\"320\" src=\"https:\/\/visionciudadana.com.mx\/oficial\/wp-content\/uploads\/2026\/01\/palco-premier-2-4.jpg\" class=\"attachment-full size-full\" alt=\"\" \/>\t\t\t\t\t<\/div>\n\t\n\t<div class=\"xpro-post-grid-content\">\n\n\t\t\n\t\t\t\t\t<ul class=\"xpro-post-grid-meta-list\">\n\t\t\t\t\t\t\t\t\t\t\t\t\t\t\t<li class=\"xpro-post-grid-meta-date\">\n\t\t\t\t\t\t\t<i aria-hidden=\"true\" class=\"far fa-calendar\"><\/i>\t\t\t\t\t\t\t20\/01\/2026\t\t\t\t\t\t<\/li>\n\t\t\t\t\t\t\t\t\t\t\t\t\t\t\t\n\t\t\t\t\t\t\t<\/ul>\n\t\t\n\t\t<a href=\"https:\/\/visionciudadana.com.mx\/oficial\/2026\/01\/20\/tomateros-charros-pitcheo-contra-bateo-o-bien-de-poder-a-poder\/\">\n\t\t\t<h2 class=\"xpro-post-grid-title\">Tomateros-Charros; \u00bfpitcheo contra bateo? O bien: \u00a1de poder a poder!<\/h2>\n\t\t<\/a>\n\n\t\t\n\t\t\t\t\t<p class=\"xpro-post-grid-excerpt\">= Culiac\u00e1n supera en pitcheo; Jalisco, en bateo = La ecuaci\u00f3n, sin embargo, no es necesariamente cierta = Bundy, por la l\u00f3gica, en su rotaci\u00f3n de abridores. = Impresionante...<\/p>\n\t\t\t\t\t\t\t<a href=\"https:\/\/visionciudadana.com.mx\/oficial\/2026\/01\/20\/tomateros-charros-pitcheo-contra-bateo-o-bien-de-poder-a-poder\/\" class=\"xpro-post-grid-btn\">Ver +<\/a>\n\t\t\t\t\n\t\t\n\t<\/div>\n<\/div>\n\n\t\t\t\t<\/div>\n\n\t\t\t\t\n\t\t\t\t\t<nav class=\"xpro-elementor-post-pagination\" role=\"navigation\"\n\t\t\t\t\t\t aria-label=\"Pagination\">\n\t\t\t\t\t\t<span aria-current=\"page\" class=\"page-numbers current\">1<\/span>\n<a class=\"page-numbers\" href=\"https:\/\/visionciudadana.com.mx\/oficial\/wp-json\/wp\/v2\/pages\/26796\/page\/2\/\">2<\/a>\n<a class=\"page-numbers\" href=\"https:\/\/visionciudadana.com.mx\/oficial\/wp-json\/wp\/v2\/pages\/26796\/page\/3\/\">3<\/a>\n<span class=\"page-numbers dots\">&hellip;<\/span>\n<a class=\"page-numbers\" href=\"https:\/\/visionciudadana.com.mx\/oficial\/wp-json\/wp\/v2\/pages\/26796\/page\/17\/\">17<\/a>\n<a class=\"next page-numbers\" href=\"https:\/\/visionciudadana.com.mx\/oficial\/wp-json\/wp\/v2\/pages\/26796\/page\/2\/\"><span class=\"xpro-elementor-post-pagination-next-text\">Next<\/span><i class=\"fasfa-arrow-right\"><\/i><\/a>\t\t\t\t\t<\/nav>\n\n\t\t\t\t\t\n\t\t<\/div>\n\n\t\t\t\t\t\t<\/div>\n\t\t\t\t<\/div>\n\t\t\t\t<\/div>\n\t\t<div class=\"elementor-element elementor-element-574f09a5 e-con-full e-flex e-con e-child\" data-id=\"574f09a5\" data-element_type=\"container\" data-e-type=\"container\">\n\t\t\t\t<div class=\"elementor-element elementor-element-2333dda elementor-widget__width-inherit elementor-widget elementor-widget-shortcode\" data-id=\"2333dda\" data-element_type=\"widget\" data-e-type=\"widget\" data-widget_type=\"shortcode.default\">\n\t\t\t\t<div class=\"elementor-widget-container\">\n\t\t\t\t\t\t\t<div class=\"elementor-shortcode\"><div id=\"metaslider-id-25581\" style=\"width: 100%; margin: 0 auto;\" class=\"ml-slider-3-107-0 metaslider metaslider-flex metaslider-25581 ml-slider hide-arrows-smartphone ms-theme-default-base nav-hidden\" role=\"region\" aria-label=\"Publicidad Derecha\" data-height=\"500\" data-width=\"300\">\n    <div id=\"metaslider_container_25581\">\n        <div id=\"metaslider_25581\">\n            <ul class='slides'>\n                <li style=\"display: block; width: 100%;\" class=\"slide-39265 ms-image \" aria-roledescription=\"slide\" data-date=\"2026-02-11 11:11:07\" data-filename=\"vision-medallahonor.png\" data-slide-type=\"image\"><img loading=\"lazy\" decoding=\"async\" width=\"1151\" height=\"1439\" src=\"https:\/\/visionciudadana.com.mx\/oficial\/wp-content\/uploads\/2026\/02\/vision-medallahonor.png\" class=\"slider-25581 slide-39265 msDefaultImage\" alt=\"\" rel=\"\" title=\"vision-medallahonor\" srcset=\"https:\/\/visionciudadana.com.mx\/oficial\/wp-content\/uploads\/2026\/02\/vision-medallahonor.png 1151w, https:\/\/visionciudadana.com.mx\/oficial\/wp-content\/uploads\/2026\/02\/vision-medallahonor-240x300.png 240w, https:\/\/visionciudadana.com.mx\/oficial\/wp-content\/uploads\/2026\/02\/vision-medallahonor-819x1024.png 819w, https:\/\/visionciudadana.com.mx\/oficial\/wp-content\/uploads\/2026\/02\/vision-medallahonor-768x960.png 768w\" sizes=\"(max-width: 1151px) 100vw, 1151px\" \/><\/li>\n                <li style=\"display: none; width: 100%;\" class=\"slide-25585 ms-image \" aria-roledescription=\"slide\" data-date=\"2025-06-23 16:38:57\" data-filename=\"iees-24jun22-1.jpg\" data-slide-type=\"image\"><img loading=\"lazy\" decoding=\"async\" width=\"309\" height=\"463\" src=\"https:\/\/visionciudadana.com.mx\/oficial\/wp-content\/uploads\/2025\/06\/iees-24jun22-1.jpg\" class=\"slider-25581 slide-25585 msDefaultImage\" alt=\"\" rel=\"\" title=\"iees-24jun22-1\" \/><\/li>\n                <li style=\"display: none; width: 100%;\" class=\"slide-37340 ms-image \" aria-roledescription=\"slide\" data-date=\"2025-11-26 18:47:14\" data-filename=\"uas-enero26.jpg\" data-slide-type=\"image\"><img loading=\"lazy\" decoding=\"async\" width=\"642\" height=\"963\" src=\"https:\/\/visionciudadana.com.mx\/oficial\/wp-content\/uploads\/2026\/01\/uas-enero26.jpg\" class=\"slider-25581 slide-37340 msDefaultImage\" alt=\"\" rel=\"\" title=\"uas-enero26\" srcset=\"https:\/\/visionciudadana.com.mx\/oficial\/wp-content\/uploads\/2026\/01\/uas-enero26.jpg 642w, https:\/\/visionciudadana.com.mx\/oficial\/wp-content\/uploads\/2026\/01\/uas-enero26-200x300.jpg 200w\" sizes=\"(max-width: 642px) 100vw, 642px\" \/><\/li>\n            <\/ul>\n        <\/div>\n        \n    <\/div>\n<\/div><\/div>\n\t\t\t\t\t\t<\/div>\n\t\t\t\t<\/div>\n\t\t\t\t<div class=\"elementor-element elementor-element-07983e8 elementor-hidden-tablet elementor-hidden-mobile elementor-widget elementor-widget-heading\" data-id=\"07983e8\" data-element_type=\"widget\" data-e-type=\"widget\" data-widget_type=\"heading.default\">\n\t\t\t\t<div class=\"elementor-widget-container\">\n\t\t\t\t\t<h2 class=\"elementor-heading-title elementor-size-default\">Otras Noticias<\/h2>\t\t\t\t<\/div>\n\t\t\t\t<\/div>\n\t\t\t\t<div class=\"elementor-element elementor-element-1b3215c elementor-hidden-tablet elementor-hidden-mobile elementor-widget elementor-widget-xpro-post-grid\" data-id=\"1b3215c\" data-element_type=\"widget\" data-e-type=\"widget\" data-settings=\"{&quot;column_grid&quot;:&quot;1&quot;,&quot;space_between&quot;:{&quot;unit&quot;:&quot;px&quot;,&quot;size&quot;:2,&quot;sizes&quot;:[]},&quot;column_grid_tablet&quot;:&quot;2&quot;,&quot;column_grid_mobile&quot;:&quot;1&quot;,&quot;space_between_tablet&quot;:{&quot;unit&quot;:&quot;px&quot;,&quot;size&quot;:15,&quot;sizes&quot;:[]},&quot;space_between_mobile&quot;:{&quot;unit&quot;:&quot;px&quot;,&quot;size&quot;:15,&quot;sizes&quot;:[]},&quot;content_height&quot;:{&quot;unit&quot;:&quot;px&quot;,&quot;size&quot;:&quot;&quot;,&quot;sizes&quot;:[]},&quot;content_height_tablet&quot;:{&quot;unit&quot;:&quot;px&quot;,&quot;size&quot;:&quot;&quot;,&quot;sizes&quot;:[]},&quot;content_height_mobile&quot;:{&quot;unit&quot;:&quot;px&quot;,&quot;size&quot;:&quot;&quot;,&quot;sizes&quot;:[]}}\" data-widget_type=\"xpro-post-grid.default\">\n\t\t\t\t<div class=\"elementor-widget-container\">\n\t\t\t\t\t\n\t\t<div class=\"xpro-post-grid-wrapper xpro-post-grid-layout-1\">\n\n\t\t\t\n\t\t\t\t<div class=\"xpro-post-grid-main cbp\">\n\n\t\t\t\t\t\n<div class=\"cbp-item xpro-post-grid-item\">\n\t\n\t<div class=\"xpro-post-grid-content\">\n\n\t\t\n\t\t\t\t\t<ul class=\"xpro-post-grid-meta-list\">\n\t\t\t\t\t\t\t\t\t\t\t\t\t\t\t<li class=\"xpro-post-grid-meta-date\">\n\t\t\t\t\t\t\t<i aria-hidden=\"true\" class=\"far fa-calendar\"><\/i>\t\t\t\t\t\t\t08\/04\/2026\t\t\t\t\t\t<\/li>\n\t\t\t\t\t\t\t\t\t\t\t\t\t\t\t\n\t\t\t\t\t\t\t<\/ul>\n\t\t\n\t\t<a href=\"https:\/\/visionciudadana.com.mx\/oficial\/2026\/04\/08\/suma-mazatlan-mas-de-16-mil-cruceristas-en-abril\/\">\n\t\t\t<h2 class=\"xpro-post-grid-title\">Suma Mazatl\u00e1n m\u00e1s de 16 mil cruceristas en abril<\/h2>\n\t\t<\/a>\n\n\t\t\n\t\t\t\t\t<p class=\"xpro-post-grid-excerpt\">Este mi\u00e9rcoles arrib\u00f3 el \u201cNorwegian Jade\u201d, el cuarto crucero...<\/p>\n\t\t\t\t\t\t\t<a href=\"https:\/\/visionciudadana.com.mx\/oficial\/2026\/04\/08\/suma-mazatlan-mas-de-16-mil-cruceristas-en-abril\/\" class=\"xpro-post-grid-btn\">Leer+<\/a>\n\t\t\t\t\n\t\t\n\t<\/div>\n<\/div>\n\n<div class=\"cbp-item xpro-post-grid-item\">\n\t\n\t<div class=\"xpro-post-grid-content\">\n\n\t\t\n\t\t\t\t\t<ul class=\"xpro-post-grid-meta-list\">\n\t\t\t\t\t\t\t\t\t\t\t\t\t\t\t<li class=\"xpro-post-grid-meta-date\">\n\t\t\t\t\t\t\t<i aria-hidden=\"true\" class=\"far fa-calendar\"><\/i>\t\t\t\t\t\t\t08\/04\/2026\t\t\t\t\t\t<\/li>\n\t\t\t\t\t\t\t\t\t\t\t\t\t\t\t\n\t\t\t\t\t\t\t<\/ul>\n\t\t\n\t\t<a href=\"https:\/\/visionciudadana.com.mx\/oficial\/2026\/04\/08\/localizan-a-tercer-trabajador-de-la-mina-santa-fe-en-sinaloa\/\">\n\t\t\t<h2 class=\"xpro-post-grid-title\">Localizan a tercer trabajador de la mina Santa F\u00e9, en Sinaloa<\/h2>\n\t\t<\/a>\n\n\t\t\n\t\t\t\t\t<p class=\"xpro-post-grid-excerpt\">Culiac\u00e1n, Sinaloa; abril 08 de 2026.- El Comando Unificado...<\/p>\n\t\t\t\t\t\t\t<a href=\"https:\/\/visionciudadana.com.mx\/oficial\/2026\/04\/08\/localizan-a-tercer-trabajador-de-la-mina-santa-fe-en-sinaloa\/\" class=\"xpro-post-grid-btn\">Leer+<\/a>\n\t\t\t\t\n\t\t\n\t<\/div>\n<\/div>\n\n<div class=\"cbp-item xpro-post-grid-item\">\n\t\n\t<div class=\"xpro-post-grid-content\">\n\n\t\t\n\t\t\t\t\t<ul class=\"xpro-post-grid-meta-list\">\n\t\t\t\t\t\t\t\t\t\t\t\t\t\t\t<li class=\"xpro-post-grid-meta-date\">\n\t\t\t\t\t\t\t<i aria-hidden=\"true\" class=\"far fa-calendar\"><\/i>\t\t\t\t\t\t\t08\/04\/2026\t\t\t\t\t\t<\/li>\n\t\t\t\t\t\t\t\t\t\t\t\t\t\t\t\n\t\t\t\t\t\t\t<\/ul>\n\t\t\n\t\t<a href=\"https:\/\/visionciudadana.com.mx\/oficial\/2026\/04\/08\/continuan-labores-en-la-mi-a-santa-fe-sinaloa\/\">\n\t\t\t<h2 class=\"xpro-post-grid-title\">Contin\u00faan labores en la mina Santa F\u00e9, Sinaloa<\/h2>\n\t\t<\/a>\n\n\t\t\n\t\t\t\t\t<p class=\"xpro-post-grid-excerpt\">Culiacan, Sinaloa; abril 08 de 2026.- Con la finalidad...<\/p>\n\t\t\t\t\t\t\t<a href=\"https:\/\/visionciudadana.com.mx\/oficial\/2026\/04\/08\/continuan-labores-en-la-mi-a-santa-fe-sinaloa\/\" class=\"xpro-post-grid-btn\">Leer+<\/a>\n\t\t\t\t\n\t\t\n\t<\/div>\n<\/div>\n\n<div class=\"cbp-item xpro-post-grid-item\">\n\t\n\t<div class=\"xpro-post-grid-content\">\n\n\t\t\n\t\t\t\t\t<ul class=\"xpro-post-grid-meta-list\">\n\t\t\t\t\t\t\t\t\t\t\t\t\t\t\t<li class=\"xpro-post-grid-meta-date\">\n\t\t\t\t\t\t\t<i aria-hidden=\"true\" class=\"far fa-calendar\"><\/i>\t\t\t\t\t\t\t07\/04\/2026\t\t\t\t\t\t<\/li>\n\t\t\t\t\t\t\t\t\t\t\t\t\t\t\t\n\t\t\t\t\t\t\t<\/ul>\n\t\t\n\t\t<a href=\"https:\/\/visionciudadana.com.mx\/oficial\/2026\/04\/07\/turismo-en-sinaloa-consolida-resultados-historicos-durante-semana-santa-y-carnavales-2026-veronica-aviles\/\">\n\t\t\t<h2 class=\"xpro-post-grid-title\">Turismo en Sinaloa consolida resultados hist\u00f3ricos durante Semana Santa y Carnavales 2026: Ver\u00f3nica Avil\u00e9s<\/h2>\n\t\t<\/a>\n\n\t\t\n\t\t\t\t\t<p class=\"xpro-post-grid-excerpt\">Culiacan, Sinaloa; abril 07 de 2026.- En Sesi\u00f3n Ordinaria,...<\/p>\n\t\t\t\t\t\t\t<a href=\"https:\/\/visionciudadana.com.mx\/oficial\/2026\/04\/07\/turismo-en-sinaloa-consolida-resultados-historicos-durante-semana-santa-y-carnavales-2026-veronica-aviles\/\" class=\"xpro-post-grid-btn\">Leer+<\/a>\n\t\t\t\t\n\t\t\n\t<\/div>\n<\/div>\n\n\t\t\t\t<\/div>\n\n\t\t\t\t\n\t\t<\/div>\n\n\t\t\t\t\t\t<\/div>\n\t\t\t\t<\/div>\n\t\t\t\t<\/div>\n\t\t\t\t\t<\/div>\n\t\t\t\t<\/div>\n\t\t\t\t<\/div>\n\t\t","protected":false},"excerpt":{"rendered":"<p>DEPORTES mayo 23, 2025 La despedida de los Mayos de Navojoa de la Liga Mexicana del Pac\u00edfico = Se mudan a Tucson, donde jugar\u00e1n la pr\u00f3xima temporada &nbsp; = Imposible superar la tormenta perfecta desde a\u00f1os atr\u00e1s &nbsp; = Malos resultados, paup\u00e9rrimas entradas y pobre mercadotecnia&#8230; Ver + abril 21, 2025 Cumplido el Acuerdo con [&hellip;]<\/p>\n","protected":false},"author":1,"featured_media":0,"parent":0,"menu_order":0,"comment_status":"closed","ping_status":"closed","template":"elementor_header_footer","meta":{"footnotes":""},"class_list":["post-26796","page","type-page","status-publish","hentry"],"aioseo_notices":[],"_links":{"self":[{"href":"https:\/\/visionciudadana.com.mx\/oficial\/wp-json\/wp\/v2\/pages\/26796","targetHints":{"allow":["GET"]}}],"collection":[{"href":"https:\/\/visionciudadana.com.mx\/oficial\/wp-json\/wp\/v2\/pages"}],"about":[{"href":"https:\/\/visionciudadana.com.mx\/oficial\/wp-json\/wp\/v2\/types\/page"}],"author":[{"embeddable":true,"href":"https:\/\/visionciudadana.com.mx\/oficial\/wp-json\/wp\/v2\/users\/1"}],"replies":[{"embeddable":true,"href":"https:\/\/visionciudadana.com.mx\/oficial\/wp-json\/wp\/v2\/comments?post=26796"}],"version-history":[{"count":4,"href":"https:\/\/visionciudadana.com.mx\/oficial\/wp-json\/wp\/v2\/pages\/26796\/revisions"}],"predecessor-version":[{"id":26800,"href":"https:\/\/visionciudadana.com.mx\/oficial\/wp-json\/wp\/v2\/pages\/26796\/revisions\/26800"}],"wp:attachment":[{"href":"https:\/\/visionciudadana.com.mx\/oficial\/wp-json\/wp\/v2\/media?parent=26796"}],"curies":[{"name":"wp","href":"https:\/\/api.w.org\/{rel}","templated":true}]}}