{"id":26723,"date":"2025-06-24T19:53:06","date_gmt":"2025-06-24T19:53:06","guid":{"rendered":"https:\/\/visionciudadana.com.mx\/oficial\/?page_id=26723"},"modified":"2025-06-24T21:10:01","modified_gmt":"2025-06-24T21:10:01","slug":"columnistas-jose-luis-lopez","status":"publish","type":"page","link":"https:\/\/visionciudadana.com.mx\/oficial\/columnistas-jose-luis-lopez\/","title":{"rendered":"Columnistas Jose Luis L\u00f3pez"},"content":{"rendered":"\t\t<div data-elementor-type=\"wp-page\" data-elementor-id=\"26723\" class=\"elementor elementor-26723\">\n\t\t\t\t<div class=\"elementor-element elementor-element-678d616a e-flex e-con-boxed e-con e-parent\" data-id=\"678d616a\" data-element_type=\"container\" data-e-type=\"container\" data-settings=\"{&quot;background_background&quot;:&quot;gradient&quot;}\">\n\t\t\t\t\t<div class=\"e-con-inner\">\n\t\t\t\t<div class=\"elementor-element elementor-element-8d24a56 elementor-widget elementor-widget-heading\" data-id=\"8d24a56\" data-element_type=\"widget\" data-e-type=\"widget\" data-widget_type=\"heading.default\">\n\t\t\t\t<div class=\"elementor-widget-container\">\n\t\t\t\t\t<h2 class=\"elementor-heading-title elementor-size-default\">columnistas<\/h2>\t\t\t\t<\/div>\n\t\t\t\t<\/div>\n\t\t\t\t\t<\/div>\n\t\t\t\t<\/div>\n\t\t<div class=\"elementor-element elementor-element-689c19f6 e-flex e-con-boxed e-con e-parent\" data-id=\"689c19f6\" data-element_type=\"container\" data-e-type=\"container\">\n\t\t\t\t\t<div class=\"e-con-inner\">\n\t\t<div class=\"elementor-element elementor-element-3e10b86c e-con-full e-flex e-con e-child\" data-id=\"3e10b86c\" data-element_type=\"container\" data-e-type=\"container\">\n\t\t\t\t<div class=\"elementor-element elementor-element-26748f1 xpro-post-grid-align-left elementor-widget__width-inherit elementor-widget elementor-widget-xpro-post-grid\" data-id=\"26748f1\" data-element_type=\"widget\" data-e-type=\"widget\" data-settings=\"{&quot;column_grid&quot;:&quot;2&quot;,&quot;space_between&quot;:{&quot;unit&quot;:&quot;px&quot;,&quot;size&quot;:5,&quot;sizes&quot;:[]},&quot;column_grid_tablet&quot;:&quot;2&quot;,&quot;column_grid_mobile&quot;:&quot;1&quot;,&quot;space_between_tablet&quot;:{&quot;unit&quot;:&quot;px&quot;,&quot;size&quot;:15,&quot;sizes&quot;:[]},&quot;space_between_mobile&quot;:{&quot;unit&quot;:&quot;px&quot;,&quot;size&quot;:15,&quot;sizes&quot;:[]},&quot;content_height&quot;:{&quot;unit&quot;:&quot;px&quot;,&quot;size&quot;:&quot;&quot;,&quot;sizes&quot;:[]},&quot;content_height_tablet&quot;:{&quot;unit&quot;:&quot;px&quot;,&quot;size&quot;:&quot;&quot;,&quot;sizes&quot;:[]},&quot;content_height_mobile&quot;:{&quot;unit&quot;:&quot;px&quot;,&quot;size&quot;:&quot;&quot;,&quot;sizes&quot;:[]}}\" data-widget_type=\"xpro-post-grid.default\">\n\t\t\t\t<div class=\"elementor-widget-container\">\n\t\t\t\t\t\n\t\t<div class=\"xpro-post-grid-wrapper xpro-post-grid-layout-5\">\n\n\t\t\t\n\t\t\t\t<div class=\"xpro-post-grid-main cbp\">\n\n\t\t\t\t\t\n<div class=\"cbp-item xpro-post-grid-item\">\n\t\n\t<div class=\"xpro-post-grid-content\">\n\n\t\t\n\t\t\t\t\t<ul class=\"xpro-post-grid-meta-list\">\n\t\t\t\t\t\t\t\t\t\t\t\t\t\t\t<li class=\"xpro-post-grid-meta-date\">\n\t\t\t\t\t\t\t<i aria-hidden=\"true\" class=\"far fa-calendar\"><\/i>\t\t\t\t\t\t\t14\/05\/2026\t\t\t\t\t\t<\/li>\n\t\t\t\t\t\t\t\t\t\t\t\t\t\t\t\n\t\t\t\t\t\t\t<\/ul>\n\t\t\n\t\t<a href=\"https:\/\/visionciudadana.com.mx\/oficial\/2026\/05\/14\/que-pretende-la-4t-impunidad-o-control\/\">\n\t\t\t<h2 class=\"xpro-post-grid-title\">\u00bfQUE PRETENDE LA 4T?&#8230;.\u00bfIMPUNIDAD O CONTROL?<\/h2>\n\t\t<\/a>\n\n\t\t\n\t\t\t\t\t<p class=\"xpro-post-grid-excerpt\">A estas alturas de la confrontaci\u00f3n entre los gobiernos de Estados Unidos y M\u00e9xico, hemos llegado a niveles judiciales en donde podr\u00eda salvarse la controversia. Aunque las tensiones son...<\/p>\n\t\t\t\t\t\t\t<a href=\"https:\/\/visionciudadana.com.mx\/oficial\/2026\/05\/14\/que-pretende-la-4t-impunidad-o-control\/\" class=\"xpro-post-grid-btn\">Ver +<\/a>\n\t\t\t\t\t\t\t<div class=\"xpro-post-grid-author\">\n\t\t\t\t\t\t\t\t\t<img decoding=\"async\" src=\"https:\/\/visionciudadana.com.mx\/oficial\/wp-content\/uploads\/2021\/03\/columna-joseluis.png\" alt=\"author-avatar\">\n\t\t\t\t\t\t\t\t<div class=\"xpro-post-grid-author-content\">\n\t\t\t\t\t\t\t\t\t\t\t<span class=\"xpro-post-grid-author-title\">En la Raya<\/span>\n\t\t\t\t\t\t\t\t\t\t<a href=\"https:\/\/visionciudadana.com.mx\/oficial\/author\/jose-luis-lopez-duarte\/\" class=\"xpro-post-grid-author-name\">\n\t\t\t\t\t\tJos\u00e9 Luis L\u00f3pez Duarte<\/a>\n\t\t\t\t<\/div>\n\t\t\t<\/div>\n\t\t\n\t\t\n\t<\/div>\n<\/div>\n\n<div class=\"cbp-item xpro-post-grid-item\">\n\t\n\t<div class=\"xpro-post-grid-content\">\n\n\t\t\n\t\t\t\t\t<ul class=\"xpro-post-grid-meta-list\">\n\t\t\t\t\t\t\t\t\t\t\t\t\t\t\t<li class=\"xpro-post-grid-meta-date\">\n\t\t\t\t\t\t\t<i aria-hidden=\"true\" class=\"far fa-calendar\"><\/i>\t\t\t\t\t\t\t14\/05\/2026\t\t\t\t\t\t<\/li>\n\t\t\t\t\t\t\t\t\t\t\t\t\t\t\t\n\t\t\t\t\t\t\t<\/ul>\n\t\t\n\t\t<a href=\"https:\/\/visionciudadana.com.mx\/oficial\/2026\/05\/14\/morena-la-ineptitud-dos-petardos-ayer-sep-y-zacatecas\/\">\n\t\t\t<h2 class=\"xpro-post-grid-title\">MORENA : LA INEPTITUD\u2026.DOS PETARDOS AYER: SEP Y ZACATECAS<\/h2>\n\t\t<\/a>\n\n\t\t\n\t\t\t\t\t<p class=\"xpro-post-grid-excerpt\">En el festival de desatinos pol\u00edticos que Morena nos ofrece como espect\u00e1culo nacional, dos actos se llevan el premio gordo a la ineptitud: por un lado, el recorte del...<\/p>\n\t\t\t\t\t\t\t<a href=\"https:\/\/visionciudadana.com.mx\/oficial\/2026\/05\/14\/morena-la-ineptitud-dos-petardos-ayer-sep-y-zacatecas\/\" class=\"xpro-post-grid-btn\">Ver +<\/a>\n\t\t\t\t\t\t\t<div class=\"xpro-post-grid-author\">\n\t\t\t\t\t\t\t\t\t<img decoding=\"async\" src=\"https:\/\/visionciudadana.com.mx\/oficial\/wp-content\/uploads\/2021\/03\/columna-joseluis.png\" alt=\"author-avatar\">\n\t\t\t\t\t\t\t\t<div class=\"xpro-post-grid-author-content\">\n\t\t\t\t\t\t\t\t\t\t\t<span class=\"xpro-post-grid-author-title\">En la Raya<\/span>\n\t\t\t\t\t\t\t\t\t\t<a href=\"https:\/\/visionciudadana.com.mx\/oficial\/author\/jose-luis-lopez-duarte\/\" class=\"xpro-post-grid-author-name\">\n\t\t\t\t\t\tJos\u00e9 Luis L\u00f3pez Duarte<\/a>\n\t\t\t\t<\/div>\n\t\t\t<\/div>\n\t\t\n\t\t\n\t<\/div>\n<\/div>\n\n<div class=\"cbp-item xpro-post-grid-item\">\n\t\n\t<div class=\"xpro-post-grid-content\">\n\n\t\t\n\t\t\t\t\t<ul class=\"xpro-post-grid-meta-list\">\n\t\t\t\t\t\t\t\t\t\t\t\t\t\t\t<li class=\"xpro-post-grid-meta-date\">\n\t\t\t\t\t\t\t<i aria-hidden=\"true\" class=\"far fa-calendar\"><\/i>\t\t\t\t\t\t\t11\/05\/2026\t\t\t\t\t\t<\/li>\n\t\t\t\t\t\t\t\t\t\t\t\t\t\t\t\n\t\t\t\t\t\t\t<\/ul>\n\t\t\n\t\t<a href=\"https:\/\/visionciudadana.com.mx\/oficial\/2026\/05\/11\/el-rochismo-un-fracaso-lo-demas-es-consecuencia\/\">\n\t\t\t<h2 class=\"xpro-post-grid-title\">EL ROCHISMO&#8230; UN FRACASO\u2026.. LO DEM\u00c1S ES CONSECUENCIA<\/h2>\n\t\t<\/a>\n\n\t\t\n\t\t\t\t\t<p class=\"xpro-post-grid-excerpt\">El rochismo como gobierno de Sinaloa representa, sin duda, uno de los mayores fracasos hist\u00f3ricos que ha vivido esta entidad, y un golpe profundo para m\u00e1s de cinco d\u00e9cadas...<\/p>\n\t\t\t\t\t\t\t<a href=\"https:\/\/visionciudadana.com.mx\/oficial\/2026\/05\/11\/el-rochismo-un-fracaso-lo-demas-es-consecuencia\/\" class=\"xpro-post-grid-btn\">Ver +<\/a>\n\t\t\t\t\t\t\t<div class=\"xpro-post-grid-author\">\n\t\t\t\t\t\t\t\t\t<img decoding=\"async\" src=\"https:\/\/visionciudadana.com.mx\/oficial\/wp-content\/uploads\/2021\/03\/columna-joseluis.png\" alt=\"author-avatar\">\n\t\t\t\t\t\t\t\t<div class=\"xpro-post-grid-author-content\">\n\t\t\t\t\t\t\t\t\t\t\t<span class=\"xpro-post-grid-author-title\">En la Raya<\/span>\n\t\t\t\t\t\t\t\t\t\t<a href=\"https:\/\/visionciudadana.com.mx\/oficial\/author\/jose-luis-lopez-duarte\/\" class=\"xpro-post-grid-author-name\">\n\t\t\t\t\t\tJos\u00e9 Luis L\u00f3pez Duarte<\/a>\n\t\t\t\t<\/div>\n\t\t\t<\/div>\n\t\t\n\t\t\n\t<\/div>\n<\/div>\n\n<div class=\"cbp-item xpro-post-grid-item\">\n\t\n\t<div class=\"xpro-post-grid-content\">\n\n\t\t\n\t\t\t\t\t<ul class=\"xpro-post-grid-meta-list\">\n\t\t\t\t\t\t\t\t\t\t\t\t\t\t\t<li class=\"xpro-post-grid-meta-date\">\n\t\t\t\t\t\t\t<i aria-hidden=\"true\" class=\"far fa-calendar\"><\/i>\t\t\t\t\t\t\t11\/05\/2026\t\t\t\t\t\t<\/li>\n\t\t\t\t\t\t\t\t\t\t\t\t\t\t\t\n\t\t\t\t\t\t\t<\/ul>\n\t\t\n\t\t<a href=\"https:\/\/visionciudadana.com.mx\/oficial\/2026\/05\/11\/uas-los-jubilados-se-quieren-suicidar\/\">\n\t\t\t<h2 class=\"xpro-post-grid-title\">UAS: LOS JUBILADOS\u2026.\u00bfSE QUIEREN SUICIDAR?<\/h2>\n\t\t<\/a>\n\n\t\t\n\t\t\t\t\t<p class=\"xpro-post-grid-excerpt\">Pareciera que algunos no han entendido el tama\u00f1o del riesgo que enfrentamos en la Universidad Aut\u00f3noma de Sinaloa (UAS), y me refiero a ese peque\u00f1o pero ruidoso grupo de...<\/p>\n\t\t\t\t\t\t\t<a href=\"https:\/\/visionciudadana.com.mx\/oficial\/2026\/05\/11\/uas-los-jubilados-se-quieren-suicidar\/\" class=\"xpro-post-grid-btn\">Ver +<\/a>\n\t\t\t\t\t\t\t<div class=\"xpro-post-grid-author\">\n\t\t\t\t\t\t\t\t\t<img decoding=\"async\" src=\"https:\/\/visionciudadana.com.mx\/oficial\/wp-content\/uploads\/2021\/03\/columna-joseluis.png\" alt=\"author-avatar\">\n\t\t\t\t\t\t\t\t<div class=\"xpro-post-grid-author-content\">\n\t\t\t\t\t\t\t\t\t\t\t<span class=\"xpro-post-grid-author-title\">En la Raya<\/span>\n\t\t\t\t\t\t\t\t\t\t<a href=\"https:\/\/visionciudadana.com.mx\/oficial\/author\/jose-luis-lopez-duarte\/\" class=\"xpro-post-grid-author-name\">\n\t\t\t\t\t\tJos\u00e9 Luis L\u00f3pez Duarte<\/a>\n\t\t\t\t<\/div>\n\t\t\t<\/div>\n\t\t\n\t\t\n\t<\/div>\n<\/div>\n\n<div class=\"cbp-item xpro-post-grid-item\">\n\t\n\t<div class=\"xpro-post-grid-content\">\n\n\t\t\n\t\t\t\t\t<ul class=\"xpro-post-grid-meta-list\">\n\t\t\t\t\t\t\t\t\t\t\t\t\t\t\t<li class=\"xpro-post-grid-meta-date\">\n\t\t\t\t\t\t\t<i aria-hidden=\"true\" class=\"far fa-calendar\"><\/i>\t\t\t\t\t\t\t07\/05\/2026\t\t\t\t\t\t<\/li>\n\t\t\t\t\t\t\t\t\t\t\t\t\t\t\t\n\t\t\t\t\t\t\t<\/ul>\n\t\t\n\t\t<a href=\"https:\/\/visionciudadana.com.mx\/oficial\/2026\/05\/07\/la-4t-en-caida-la-podran-detener\/\">\n\t\t\t<h2 class=\"xpro-post-grid-title\">LA 4T&#8230;EN CA\u00cdDA\u2026.\u00bfLA PODR\u00c1N DETENER?<\/h2>\n\t\t<\/a>\n\n\t\t\n\t\t\t\t\t<p class=\"xpro-post-grid-excerpt\">La crisis de legitimidad que enfrenta Rub\u00e9n Rocha Moya, gobernador de Sinaloa, no solo refleja un deterioro personal en su imagen p\u00fablica, sino que representa una fractura profunda en...<\/p>\n\t\t\t\t\t\t\t<a href=\"https:\/\/visionciudadana.com.mx\/oficial\/2026\/05\/07\/la-4t-en-caida-la-podran-detener\/\" class=\"xpro-post-grid-btn\">Ver +<\/a>\n\t\t\t\t\t\t\t<div class=\"xpro-post-grid-author\">\n\t\t\t\t\t\t\t\t\t<img decoding=\"async\" src=\"https:\/\/visionciudadana.com.mx\/oficial\/wp-content\/uploads\/2021\/03\/columna-joseluis.png\" alt=\"author-avatar\">\n\t\t\t\t\t\t\t\t<div class=\"xpro-post-grid-author-content\">\n\t\t\t\t\t\t\t\t\t\t\t<span class=\"xpro-post-grid-author-title\">En la Raya<\/span>\n\t\t\t\t\t\t\t\t\t\t<a href=\"https:\/\/visionciudadana.com.mx\/oficial\/author\/jose-luis-lopez-duarte\/\" class=\"xpro-post-grid-author-name\">\n\t\t\t\t\t\tJos\u00e9 Luis L\u00f3pez Duarte<\/a>\n\t\t\t\t<\/div>\n\t\t\t<\/div>\n\t\t\n\t\t\n\t<\/div>\n<\/div>\n\n<div class=\"cbp-item xpro-post-grid-item\">\n\t\n\t<div class=\"xpro-post-grid-content\">\n\n\t\t\n\t\t\t\t\t<ul class=\"xpro-post-grid-meta-list\">\n\t\t\t\t\t\t\t\t\t\t\t\t\t\t\t<li class=\"xpro-post-grid-meta-date\">\n\t\t\t\t\t\t\t<i aria-hidden=\"true\" class=\"far fa-calendar\"><\/i>\t\t\t\t\t\t\t07\/05\/2026\t\t\t\t\t\t<\/li>\n\t\t\t\t\t\t\t\t\t\t\t\t\t\t\t\n\t\t\t\t\t\t\t<\/ul>\n\t\t\n\t\t<a href=\"https:\/\/visionciudadana.com.mx\/oficial\/2026\/05\/07\/la-oposicion-en-sinaloapuede-responder\/\">\n\t\t\t<h2 class=\"xpro-post-grid-title\">LA OPOSICI\u00d3N EN SINALOA\u2026PUEDE RESPONDER<\/h2>\n\t\t<\/a>\n\n\t\t\n\t\t\t\t\t<p class=\"xpro-post-grid-excerpt\">La crisis pol\u00edtica que enfrenta Morena en Sinaloa, desatada por la solicitud judicial del gobierno de Estados Unidos contra el gobernador Rub\u00e9n Rocha, marca un antes y un despu\u00e9s...<\/p>\n\t\t\t\t\t\t\t<a href=\"https:\/\/visionciudadana.com.mx\/oficial\/2026\/05\/07\/la-oposicion-en-sinaloapuede-responder\/\" class=\"xpro-post-grid-btn\">Ver +<\/a>\n\t\t\t\t\t\t\t<div class=\"xpro-post-grid-author\">\n\t\t\t\t\t\t\t\t\t<img decoding=\"async\" src=\"https:\/\/visionciudadana.com.mx\/oficial\/wp-content\/uploads\/2021\/03\/columna-joseluis.png\" alt=\"author-avatar\">\n\t\t\t\t\t\t\t\t<div class=\"xpro-post-grid-author-content\">\n\t\t\t\t\t\t\t\t\t\t\t<span class=\"xpro-post-grid-author-title\">En la Raya<\/span>\n\t\t\t\t\t\t\t\t\t\t<a href=\"https:\/\/visionciudadana.com.mx\/oficial\/author\/jose-luis-lopez-duarte\/\" class=\"xpro-post-grid-author-name\">\n\t\t\t\t\t\tJos\u00e9 Luis L\u00f3pez Duarte<\/a>\n\t\t\t\t<\/div>\n\t\t\t<\/div>\n\t\t\n\t\t\n\t<\/div>\n<\/div>\n\n\t\t\t\t<\/div>\n\n\t\t\t\t\n\t\t\t\t\t<nav class=\"xpro-elementor-post-pagination\" role=\"navigation\"\n\t\t\t\t\t\t aria-label=\"Pagination\">\n\t\t\t\t\t\t<span aria-current=\"page\" class=\"page-numbers current\">1<\/span>\n<a class=\"page-numbers\" href=\"https:\/\/visionciudadana.com.mx\/oficial\/wp-json\/wp\/v2\/pages\/26723\/page\/2\/\">2<\/a>\n<a class=\"page-numbers\" href=\"https:\/\/visionciudadana.com.mx\/oficial\/wp-json\/wp\/v2\/pages\/26723\/page\/3\/\">3<\/a>\n<span class=\"page-numbers dots\">&hellip;<\/span>\n<a class=\"page-numbers\" href=\"https:\/\/visionciudadana.com.mx\/oficial\/wp-json\/wp\/v2\/pages\/26723\/page\/208\/\">208<\/a>\n<a class=\"next page-numbers\" href=\"https:\/\/visionciudadana.com.mx\/oficial\/wp-json\/wp\/v2\/pages\/26723\/page\/2\/\"><span class=\"xpro-elementor-post-pagination-next-text\">Next<\/span><i class=\"fasfa-arrow-right\"><\/i><\/a>\t\t\t\t\t<\/nav>\n\n\t\t\t\t\t\n\t\t<\/div>\n\n\t\t\t\t\t\t<\/div>\n\t\t\t\t<\/div>\n\t\t\t\t<\/div>\n\t\t<div class=\"elementor-element elementor-element-574f09a5 e-con-full e-flex e-con e-child\" data-id=\"574f09a5\" data-element_type=\"container\" data-e-type=\"container\">\n\t\t\t\t<div class=\"elementor-element elementor-element-8e81828 elementor-widget elementor-widget-link-in-bio\" data-id=\"8e81828\" data-element_type=\"widget\" data-e-type=\"widget\" data-widget_type=\"link-in-bio.default\">\n\t\t\t\t<div class=\"elementor-widget-container\">\n\t\t\t\t\t\t\t<div class=\"e-link-in-bio e-link-in-bio\">\n\t\t\t<div class=\"e-link-in-bio__content\">\n\n\t\t\t\t\t\t<div class=\"e-link-in-bio__identity\">\n\t\t\t\t\t\t\t\t\t<div class=\"e-link-in-bio__identity-image e-link-in-bio__identity-image-profile has-style-circle\">\n\t\t\t\t\t\t\t<img decoding=\"async\" width=\"200\" height=\"200\" src=\"https:\/\/visionciudadana.com.mx\/oficial\/wp-content\/uploads\/2021\/04\/columna_jose_luis_lopez_duarte.png\" class=\"e-link-in-bio__identity-image-element\" alt=\"columna jose luis lopez duarte\" srcset=\"https:\/\/visionciudadana.com.mx\/oficial\/wp-content\/uploads\/2021\/04\/columna_jose_luis_lopez_duarte.png 200w, https:\/\/visionciudadana.com.mx\/oficial\/wp-content\/uploads\/2021\/04\/columna_jose_luis_lopez_duarte-150x150.png 150w\" sizes=\"(max-width: 200px) 100vw, 200px\" \/>\t\t\t\t\t\t\t\t\t\t\t\t\t<\/div>\n\t\t\t\t\t\t\t<\/div>\n\t\t\t\t\t<div class=\"e-link-in-bio__bio\">\n\t\t\t\t<h2 class=\"e-link-in-bio__heading\">Jos\u00e9 Luis L\u00f3pez Duarte<\/h2>\t\t\t\t<h3 class=\"e-link-in-bio__title\">EN LA RAYA<\/h3>\t\t\t\t\t\t\t\t<p class=\"e-link-in-bio__description\">Periodista<\/p>\t\t\t<\/div>\n\t\t\t\t\t<div class=\"e-link-in-bio__icons has-size-small\">\n\t\t\t\t\t\t\t<div class=\"e-link-in-bio__icon is-size-small\">\n\t\t\t\t\t<a target=\"_blank\" rel=\"noopener \" aria-label=\"Facebook\" class=\"e-link-in-bio__icon-link\" href=\"\">\n\t\t\t\t\t\t<span class=\"e-link-in-bio__icon-svg\">\n\t\t\t\t\t\t\t<svg aria-hidden=\"true\" class=\"e-font-icon-svg e-fab-facebook\" viewBox=\"0 0 512 512\" xmlns=\"http:\/\/www.w3.org\/2000\/svg\"><path d=\"M504 256C504 119 393 8 256 8S8 119 8 256c0 123.78 90.69 226.38 209.25 245V327.69h-63V256h63v-54.64c0-62.15 37-96.48 93.67-96.48 27.14 0 55.52 4.84 55.52 4.84v61h-31.28c-30.8 0-40.41 19.12-40.41 38.73V256h68.78l-11 71.69h-57.78V501C413.31 482.38 504 379.78 504 256z\"><\/path><\/svg>\t\t\t\t\t\t<\/span>\n\t\t\t\t\t\t\t\t\t\t\t<\/a>\n\t\t\t\t<\/div>\n\t\t\t\t\t\t\t<div class=\"e-link-in-bio__icon is-size-small\">\n\t\t\t\t\t<a target=\"_blank\" rel=\"noopener \" aria-label=\"Instagram\" class=\"e-link-in-bio__icon-link\" href=\"\">\n\t\t\t\t\t\t<span class=\"e-link-in-bio__icon-svg\">\n\t\t\t\t\t\t\t<svg aria-hidden=\"true\" class=\"e-font-icon-svg e-fab-instagram\" viewBox=\"0 0 448 512\" xmlns=\"http:\/\/www.w3.org\/2000\/svg\"><path d=\"M224.1 141c-63.6 0-114.9 51.3-114.9 114.9s51.3 114.9 114.9 114.9S339 319.5 339 255.9 287.7 141 224.1 141zm0 189.6c-41.1 0-74.7-33.5-74.7-74.7s33.5-74.7 74.7-74.7 74.7 33.5 74.7 74.7-33.6 74.7-74.7 74.7zm146.4-194.3c0 14.9-12 26.8-26.8 26.8-14.9 0-26.8-12-26.8-26.8s12-26.8 26.8-26.8 26.8 12 26.8 26.8zm76.1 27.2c-1.7-35.9-9.9-67.7-36.2-93.9-26.2-26.2-58-34.4-93.9-36.2-37-2.1-147.9-2.1-184.9 0-35.8 1.7-67.6 9.9-93.9 36.1s-34.4 58-36.2 93.9c-2.1 37-2.1 147.9 0 184.9 1.7 35.9 9.9 67.7 36.2 93.9s58 34.4 93.9 36.2c37 2.1 147.9 2.1 184.9 0 35.9-1.7 67.7-9.9 93.9-36.2 26.2-26.2 34.4-58 36.2-93.9 2.1-37 2.1-147.8 0-184.8zM398.8 388c-7.8 19.6-22.9 34.7-42.6 42.6-29.5 11.7-99.5 9-132.1 9s-102.7 2.6-132.1-9c-19.6-7.8-34.7-22.9-42.6-42.6-11.7-29.5-9-99.5-9-132.1s-2.6-102.7 9-132.1c7.8-19.6 22.9-34.7 42.6-42.6 29.5-11.7 99.5-9 132.1-9s102.7-2.6 132.1 9c19.6 7.8 34.7 22.9 42.6 42.6 11.7 29.5 9 99.5 9 132.1s2.7 102.7-9 132.1z\"><\/path><\/svg>\t\t\t\t\t\t<\/span>\n\t\t\t\t\t\t\t\t\t\t\t<\/a>\n\t\t\t\t<\/div>\n\t\t\t\t\t\t\t<div class=\"e-link-in-bio__icon is-size-small\">\n\t\t\t\t\t<a target=\"_blank\" rel=\"noopener \" aria-label=\"TikTok\" class=\"e-link-in-bio__icon-link\" href=\"\">\n\t\t\t\t\t\t<span class=\"e-link-in-bio__icon-svg\">\n\t\t\t\t\t\t\t<svg aria-hidden=\"true\" class=\"e-font-icon-svg e-fab-tiktok\" viewBox=\"0 0 448 512\" xmlns=\"http:\/\/www.w3.org\/2000\/svg\"><path d=\"M448,209.91a210.06,210.06,0,0,1-122.77-39.25V349.38A162.55,162.55,0,1,1,185,188.31V278.2a74.62,74.62,0,1,0,52.23,71.18V0l88,0a121.18,121.18,0,0,0,1.86,22.17h0A122.18,122.18,0,0,0,381,102.39a121.43,121.43,0,0,0,67,20.14Z\"><\/path><\/svg>\t\t\t\t\t\t<\/span>\n\t\t\t\t\t\t\t\t\t\t\t<\/a>\n\t\t\t\t<\/div>\n\t\t\t\t\t<\/div>\n\t\t\n\t\t<div class=\"e-link-in-bio__ctas has-type-link\">\n\t\t\t\t\t\t\t<a target=\"_blank\" rel=\"noopener \" class=\"e-link-in-bio__cta is-type-link\" href=\"\">\n\t\t\t\t\t\t\t\t\t\t<span class=\"e-link-in-bio__cta-text\">\n\t\t\t\t\t\t\t\t\t\t\t<\/span>\n\t\t\t\t<\/a>\n\t\t\t\t\t<\/div>\n\t\t\n\t\t\t<\/div>\n\t\t\t<div class=\"e-link-in-bio__bg\">\n\t\t\t\t<div class=\"e-link-in-bio__bg-overlay\"><\/div>\n\t\t\t<\/div>\n\t\t<\/div>\n\t\t\t\t\t\t<\/div>\n\t\t\t\t<\/div>\n\t\t\t\t<div class=\"elementor-element elementor-element-2333dda elementor-widget__width-inherit elementor-widget elementor-widget-shortcode\" data-id=\"2333dda\" data-element_type=\"widget\" data-e-type=\"widget\" data-widget_type=\"shortcode.default\">\n\t\t\t\t<div class=\"elementor-widget-container\">\n\t\t\t\t\t\t\t<div class=\"elementor-shortcode\"><div id=\"metaslider-id-25581\" style=\"width: 100%; margin: 0 auto;\" class=\"ml-slider-3-109-0 metaslider metaslider-flex metaslider-25581 ml-slider hide-arrows-smartphone ms-theme-default-base nav-hidden\" role=\"region\" aria-label=\"Publicidad Derecha\" data-height=\"500\" data-width=\"300\">\n    <div id=\"metaslider_container_25581\">\n        <div id=\"metaslider_25581\">\n            <ul class='slides'>\n                <li style=\"display: block; width: 100%;\" class=\"slide-39265 ms-image \" aria-roledescription=\"slide\" data-date=\"2026-02-11 11:11:07\" data-filename=\"vision-medallahonor.png\" data-slide-type=\"image\"><img fetchpriority=\"high\" decoding=\"async\" width=\"1151\" height=\"1439\" src=\"https:\/\/visionciudadana.com.mx\/oficial\/wp-content\/uploads\/2026\/02\/vision-medallahonor.png\" class=\"slider-25581 slide-39265 msDefaultImage\" alt=\"\" rel=\"\" title=\"vision-medallahonor\" srcset=\"https:\/\/visionciudadana.com.mx\/oficial\/wp-content\/uploads\/2026\/02\/vision-medallahonor.png 1151w, https:\/\/visionciudadana.com.mx\/oficial\/wp-content\/uploads\/2026\/02\/vision-medallahonor-240x300.png 240w, https:\/\/visionciudadana.com.mx\/oficial\/wp-content\/uploads\/2026\/02\/vision-medallahonor-819x1024.png 819w, https:\/\/visionciudadana.com.mx\/oficial\/wp-content\/uploads\/2026\/02\/vision-medallahonor-768x960.png 768w\" sizes=\"(max-width: 1151px) 100vw, 1151px\" \/><\/li>\n                <li style=\"display: none; width: 100%;\" class=\"slide-25585 ms-image \" aria-roledescription=\"slide\" data-date=\"2025-06-23 16:38:57\" data-filename=\"iees-24jun22-1.jpg\" data-slide-type=\"image\"><img decoding=\"async\" width=\"309\" height=\"463\" src=\"https:\/\/visionciudadana.com.mx\/oficial\/wp-content\/uploads\/2025\/06\/iees-24jun22-1.jpg\" class=\"slider-25581 slide-25585 msDefaultImage\" alt=\"\" rel=\"\" title=\"iees-24jun22-1\" \/><\/li>\n                <li style=\"display: none; width: 100%;\" class=\"slide-37340 ms-image \" aria-roledescription=\"slide\" data-date=\"2025-11-26 18:47:14\" data-filename=\"UAS-Mayo.jpg\" data-slide-type=\"image\"><img loading=\"lazy\" decoding=\"async\" width=\"308\" height=\"462\" src=\"https:\/\/visionciudadana.com.mx\/oficial\/wp-content\/uploads\/2026\/05\/UAS-Mayo.jpg\" class=\"slider-25581 slide-37340 msDefaultImage\" alt=\"\" rel=\"\" title=\"UAS Mayo\" srcset=\"https:\/\/visionciudadana.com.mx\/oficial\/wp-content\/uploads\/2026\/05\/UAS-Mayo.jpg 308w, https:\/\/visionciudadana.com.mx\/oficial\/wp-content\/uploads\/2026\/05\/UAS-Mayo-200x300.jpg 200w\" sizes=\"(max-width: 308px) 100vw, 308px\" \/><\/li>\n            <\/ul>\n        <\/div>\n        \n    <\/div>\n<\/div><\/div>\n\t\t\t\t\t\t<\/div>\n\t\t\t\t<\/div>\n\t\t\t\t<\/div>\n\t\t\t\t\t<\/div>\n\t\t\t\t<\/div>\n\t\t\t\t<\/div>\n\t\t","protected":false},"excerpt":{"rendered":"<p>columnistas junio 16, 2025 El ma\u00edz&#8230;pedradas al matorral Cuando la demagogia reemplaza a la realidad, el discurso se convierte en un mero acto de enga\u00f1o. En este sentido, el gobierno de la Cuarta Transformaci\u00f3n (4T) ha superado&#8230; Ver + En la Raya Jose Luis lopez duarte junio 14, 2025 INE: la burla\u2026..las elecciones que vienen [&hellip;]<\/p>\n","protected":false},"author":1,"featured_media":0,"parent":0,"menu_order":0,"comment_status":"closed","ping_status":"closed","template":"elementor_header_footer","meta":{"footnotes":""},"class_list":["post-26723","page","type-page","status-publish","hentry"],"aioseo_notices":[],"_links":{"self":[{"href":"https:\/\/visionciudadana.com.mx\/oficial\/wp-json\/wp\/v2\/pages\/26723","targetHints":{"allow":["GET"]}}],"collection":[{"href":"https:\/\/visionciudadana.com.mx\/oficial\/wp-json\/wp\/v2\/pages"}],"about":[{"href":"https:\/\/visionciudadana.com.mx\/oficial\/wp-json\/wp\/v2\/types\/page"}],"author":[{"embeddable":true,"href":"https:\/\/visionciudadana.com.mx\/oficial\/wp-json\/wp\/v2\/users\/1"}],"replies":[{"embeddable":true,"href":"https:\/\/visionciudadana.com.mx\/oficial\/wp-json\/wp\/v2\/comments?post=26723"}],"version-history":[{"count":7,"href":"https:\/\/visionciudadana.com.mx\/oficial\/wp-json\/wp\/v2\/pages\/26723\/revisions"}],"predecessor-version":[{"id":26769,"href":"https:\/\/visionciudadana.com.mx\/oficial\/wp-json\/wp\/v2\/pages\/26723\/revisions\/26769"}],"wp:attachment":[{"href":"https:\/\/visionciudadana.com.mx\/oficial\/wp-json\/wp\/v2\/media?parent=26723"}],"curies":[{"name":"wp","href":"https:\/\/api.w.org\/{rel}","templated":true}]}}