{"id":26690,"date":"2025-06-24T18:28:01","date_gmt":"2025-06-24T18:28:01","guid":{"rendered":"https:\/\/visionciudadana.com.mx\/oficial\/?page_id=26690"},"modified":"2025-06-24T18:28:51","modified_gmt":"2025-06-24T18:28:51","slug":"noticias-tecnologia-ciencia-y-el-ser","status":"publish","type":"page","link":"https:\/\/visionciudadana.com.mx\/oficial\/noticias-tecnologia-ciencia-y-el-ser\/","title":{"rendered":"Noticias Tecnolog\u00eda, Ciencia y El Ser"},"content":{"rendered":"\t\t<div data-elementor-type=\"wp-page\" data-elementor-id=\"26690\" class=\"elementor elementor-26690\">\n\t\t\t\t<div class=\"elementor-element elementor-element-678d616a e-flex e-con-boxed e-con e-parent\" data-id=\"678d616a\" data-element_type=\"container\" data-e-type=\"container\" data-settings=\"{&quot;background_background&quot;:&quot;gradient&quot;}\">\n\t\t\t\t\t<div class=\"e-con-inner\">\n\t\t\t\t<div class=\"elementor-element elementor-element-8d24a56 elementor-widget elementor-widget-heading\" data-id=\"8d24a56\" data-element_type=\"widget\" data-e-type=\"widget\" data-widget_type=\"heading.default\">\n\t\t\t\t<div class=\"elementor-widget-container\">\n\t\t\t\t\t<h2 class=\"elementor-heading-title elementor-size-default\">Noticias Tecnolog\u00eda, Ciencia y El Ser<\/h2>\t\t\t\t<\/div>\n\t\t\t\t<\/div>\n\t\t\t\t\t<\/div>\n\t\t\t\t<\/div>\n\t\t<div class=\"elementor-element elementor-element-689c19f6 e-flex e-con-boxed e-con e-parent\" data-id=\"689c19f6\" data-element_type=\"container\" data-e-type=\"container\">\n\t\t\t\t\t<div class=\"e-con-inner\">\n\t\t<div class=\"elementor-element elementor-element-3e10b86c e-con-full e-flex e-con e-child\" data-id=\"3e10b86c\" data-element_type=\"container\" data-e-type=\"container\">\n\t\t\t\t<div class=\"elementor-element elementor-element-26748f1 xpro-post-grid-align-left elementor-widget__width-inherit elementor-widget elementor-widget-xpro-post-grid\" data-id=\"26748f1\" data-element_type=\"widget\" data-e-type=\"widget\" data-settings=\"{&quot;column_grid&quot;:&quot;2&quot;,&quot;space_between&quot;:{&quot;unit&quot;:&quot;px&quot;,&quot;size&quot;:5,&quot;sizes&quot;:[]},&quot;column_grid_tablet&quot;:&quot;2&quot;,&quot;column_grid_mobile&quot;:&quot;1&quot;,&quot;image_height&quot;:{&quot;unit&quot;:&quot;px&quot;,&quot;size&quot;:&quot;&quot;,&quot;sizes&quot;:[]},&quot;image_height_tablet&quot;:{&quot;unit&quot;:&quot;px&quot;,&quot;size&quot;:&quot;&quot;,&quot;sizes&quot;:[]},&quot;image_height_mobile&quot;:{&quot;unit&quot;:&quot;px&quot;,&quot;size&quot;:&quot;&quot;,&quot;sizes&quot;:[]},&quot;space_between_tablet&quot;:{&quot;unit&quot;:&quot;px&quot;,&quot;size&quot;:15,&quot;sizes&quot;:[]},&quot;space_between_mobile&quot;:{&quot;unit&quot;:&quot;px&quot;,&quot;size&quot;:15,&quot;sizes&quot;:[]},&quot;content_height&quot;:{&quot;unit&quot;:&quot;px&quot;,&quot;size&quot;:&quot;&quot;,&quot;sizes&quot;:[]},&quot;content_height_tablet&quot;:{&quot;unit&quot;:&quot;px&quot;,&quot;size&quot;:&quot;&quot;,&quot;sizes&quot;:[]},&quot;content_height_mobile&quot;:{&quot;unit&quot;:&quot;px&quot;,&quot;size&quot;:&quot;&quot;,&quot;sizes&quot;:[]}}\" data-widget_type=\"xpro-post-grid.default\">\n\t\t\t\t<div class=\"elementor-widget-container\">\n\t\t\t\t\t\n\t\t<div class=\"xpro-post-grid-wrapper xpro-post-grid-layout-1\">\n\n\t\t\t\n\t\t\t\t<div class=\"xpro-post-grid-main cbp\">\n\n\t\t\t\t\t\n<div class=\"cbp-item xpro-post-grid-item\">\n\t\t\t<div class=\"xpro-post-grid-image\">\n\t\t\t<img fetchpriority=\"high\" decoding=\"async\" width=\"1040\" height=\"780\" src=\"https:\/\/visionciudadana.com.mx\/oficial\/wp-content\/uploads\/2025\/08\/img_7369.jpg\" class=\"attachment-full size-full\" alt=\"\" \/>\t\t\t\t\t<\/div>\n\t\n\t<div class=\"xpro-post-grid-content\">\n\n\t\t\n\t\t\t\t\t<ul class=\"xpro-post-grid-meta-list\">\n\t\t\t\t\t\t\t\t\t\t\t\t\t\t\t<li class=\"xpro-post-grid-meta-date\">\n\t\t\t\t\t\t\t<i aria-hidden=\"true\" class=\"far fa-calendar\"><\/i>\t\t\t\t\t\t\t20\/08\/2025\t\t\t\t\t\t<\/li>\n\t\t\t\t\t\t\t\t\t\t\t\t\t\t\t\n\t\t\t\t\t\t\t<\/ul>\n\t\t\n\t\t<a href=\"https:\/\/visionciudadana.com.mx\/oficial\/2025\/08\/20\/los-robots-smarter-llegaron-para-cambiar-la-forma-en-la-que-vivimos-y-trabajamos\/\">\n\t\t\t<h2 class=\"xpro-post-grid-title\">Los robots Smarter llegaron para cambiar la forma en la que vivimos y trabajamos.<\/h2>\n\t\t<\/a>\n\n\t\t\n\t\t\t\t\t<p class=\"xpro-post-grid-excerpt\">Con inteligencia artificial, asistencia automatizada y la capacidad de aprender de cada experiencia, se est\u00e1n convirtiendo en aliados en la educaci\u00f3n, la industria y hasta en el hogar. Ya...<\/p>\n\t\t\t\t\t\t\t<a href=\"https:\/\/visionciudadana.com.mx\/oficial\/2025\/08\/20\/los-robots-smarter-llegaron-para-cambiar-la-forma-en-la-que-vivimos-y-trabajamos\/\" class=\"xpro-post-grid-btn\">Ver +<\/a>\n\t\t\t\t\n\t\t\n\t<\/div>\n<\/div>\n\n<div class=\"cbp-item xpro-post-grid-item\">\n\t\t\t<div class=\"xpro-post-grid-image\">\n\t\t\t<img decoding=\"async\" width=\"553\" height=\"415\" src=\"https:\/\/visionciudadana.com.mx\/oficial\/wp-content\/uploads\/2025\/08\/img_7204-1.jpg\" class=\"attachment-full size-full\" alt=\"\" \/>\t\t\t\t\t<\/div>\n\t\n\t<div class=\"xpro-post-grid-content\">\n\n\t\t\n\t\t\t\t\t<ul class=\"xpro-post-grid-meta-list\">\n\t\t\t\t\t\t\t\t\t\t\t\t\t\t\t<li class=\"xpro-post-grid-meta-date\">\n\t\t\t\t\t\t\t<i aria-hidden=\"true\" class=\"far fa-calendar\"><\/i>\t\t\t\t\t\t\t18\/08\/2025\t\t\t\t\t\t<\/li>\n\t\t\t\t\t\t\t\t\t\t\t\t\t\t\t\n\t\t\t\t\t\t\t<\/ul>\n\t\t\n\t\t<a href=\"https:\/\/visionciudadana.com.mx\/oficial\/2025\/08\/18\/pata-de-elefante-la-planta-mexicana-que-puede-costarte-carcel-y-multas-millonarias\/\">\n\t\t\t<h2 class=\"xpro-post-grid-title\">Pata de Elefante: la planta mexicana que puede costarte c\u00e1rcel y multas millonarias<\/h2>\n\t\t<\/a>\n\n\t\t\n\t\t\t\t\t<p class=\"xpro-post-grid-excerpt\">La Pata de Elefante (Beaucarnea recurvata) es una planta originaria de M\u00e9xico y est\u00e1 protegida por la NOM-059-SEMARNAT-2010, donde aparece en la categor\u00eda de amenazada. Seg\u00fan la Ley General...<\/p>\n\t\t\t\t\t\t\t<a href=\"https:\/\/visionciudadana.com.mx\/oficial\/2025\/08\/18\/pata-de-elefante-la-planta-mexicana-que-puede-costarte-carcel-y-multas-millonarias\/\" class=\"xpro-post-grid-btn\">Ver +<\/a>\n\t\t\t\t\n\t\t\n\t<\/div>\n<\/div>\n\n<div class=\"cbp-item xpro-post-grid-item\">\n\t\t\t<div class=\"xpro-post-grid-image\">\n\t\t\t<img decoding=\"async\" width=\"1170\" height=\"792\" src=\"https:\/\/visionciudadana.com.mx\/oficial\/wp-content\/uploads\/2025\/07\/img_5840-2-1.jpg\" class=\"attachment-full size-full\" alt=\"\" srcset=\"https:\/\/visionciudadana.com.mx\/oficial\/wp-content\/uploads\/2025\/07\/img_5840-2-1.jpg 1170w, https:\/\/visionciudadana.com.mx\/oficial\/wp-content\/uploads\/2025\/07\/img_5840-2-1-300x203.jpg 300w, https:\/\/visionciudadana.com.mx\/oficial\/wp-content\/uploads\/2025\/07\/img_5840-2-1-1024x693.jpg 1024w, https:\/\/visionciudadana.com.mx\/oficial\/wp-content\/uploads\/2025\/07\/img_5840-2-1-768x520.jpg 768w\" sizes=\"(max-width: 1170px) 100vw, 1170px\" \/>\t\t\t\t\t<\/div>\n\t\n\t<div class=\"xpro-post-grid-content\">\n\n\t\t\n\t\t\t\t\t<ul class=\"xpro-post-grid-meta-list\">\n\t\t\t\t\t\t\t\t\t\t\t\t\t\t\t<li class=\"xpro-post-grid-meta-date\">\n\t\t\t\t\t\t\t<i aria-hidden=\"true\" class=\"far fa-calendar\"><\/i>\t\t\t\t\t\t\t08\/07\/2025\t\t\t\t\t\t<\/li>\n\t\t\t\t\t\t\t\t\t\t\t\t\t\t\t\n\t\t\t\t\t\t\t<\/ul>\n\t\t\n\t\t<a href=\"https:\/\/visionciudadana.com.mx\/oficial\/2025\/07\/08\/la-tierra-se-aleja-del-sol-y-se-espera-un-invierno-mas-frio\/\">\n\t\t\t<h2 class=\"xpro-post-grid-title\">La tierra se aleja del sol y se espera un invierno m\u00e1s fr\u00edo<\/h2>\n\t\t<\/a>\n\n\t\t\n\t\t\t\t\t<p class=\"xpro-post-grid-excerpt\">La Tierra ha entrado en el Afelio, el punto m\u00e1s lejano de su \u00f3rbita alrededor del Sol, alcanzando una distancia de 152 millones de kil\u00f3metros, unos 2 millones m\u00e1s...<\/p>\n\t\t\t\t\t\t\t<a href=\"https:\/\/visionciudadana.com.mx\/oficial\/2025\/07\/08\/la-tierra-se-aleja-del-sol-y-se-espera-un-invierno-mas-frio\/\" class=\"xpro-post-grid-btn\">Ver +<\/a>\n\t\t\t\t\n\t\t\n\t<\/div>\n<\/div>\n\n<div class=\"cbp-item xpro-post-grid-item\">\n\t\t\t<div class=\"xpro-post-grid-image\">\n\t\t\t<img loading=\"lazy\" decoding=\"async\" width=\"576\" height=\"324\" src=\"https:\/\/visionciudadana.com.mx\/oficial\/wp-content\/uploads\/2025\/07\/img_5836-1.jpg\" class=\"attachment-full size-full\" alt=\"\" srcset=\"https:\/\/visionciudadana.com.mx\/oficial\/wp-content\/uploads\/2025\/07\/img_5836-1.jpg 576w, https:\/\/visionciudadana.com.mx\/oficial\/wp-content\/uploads\/2025\/07\/img_5836-1-300x169.jpg 300w\" sizes=\"(max-width: 576px) 100vw, 576px\" \/>\t\t\t\t\t<\/div>\n\t\n\t<div class=\"xpro-post-grid-content\">\n\n\t\t\n\t\t\t\t\t<ul class=\"xpro-post-grid-meta-list\">\n\t\t\t\t\t\t\t\t\t\t\t\t\t\t\t<li class=\"xpro-post-grid-meta-date\">\n\t\t\t\t\t\t\t<i aria-hidden=\"true\" class=\"far fa-calendar\"><\/i>\t\t\t\t\t\t\t08\/07\/2025\t\t\t\t\t\t<\/li>\n\t\t\t\t\t\t\t\t\t\t\t\t\t\t\t\n\t\t\t\t\t\t\t<\/ul>\n\t\t\n\t\t<a href=\"https:\/\/visionciudadana.com.mx\/oficial\/2025\/07\/08\/curp-biometrica-el-nuevo-documento-oficial-de-identidad-en-mexico\/\">\n\t\t\t<h2 class=\"xpro-post-grid-title\">CURP biom\u00e9trica: el nuevo documento oficial de identidad en M\u00e9xico<\/h2>\n\t\t<\/a>\n\n\t\t\n\t\t\t\t\t<p class=\"xpro-post-grid-excerpt\">El Gobierno de M\u00e9xico ha anunciado un cambio hist\u00f3rico en la forma de identificar a los ciudadanos: se implementar\u00e1 la CURP biom\u00e9trica como el nuevo documento oficial de identidad,...<\/p>\n\t\t\t\t\t\t\t<a href=\"https:\/\/visionciudadana.com.mx\/oficial\/2025\/07\/08\/curp-biometrica-el-nuevo-documento-oficial-de-identidad-en-mexico\/\" class=\"xpro-post-grid-btn\">Ver +<\/a>\n\t\t\t\t\n\t\t\n\t<\/div>\n<\/div>\n\n<div class=\"cbp-item xpro-post-grid-item\">\n\t\t\t<div class=\"xpro-post-grid-image\">\n\t\t\t<img loading=\"lazy\" decoding=\"async\" width=\"576\" height=\"384\" src=\"https:\/\/visionciudadana.com.mx\/oficial\/wp-content\/uploads\/2025\/07\/img_5833-1.jpg\" class=\"attachment-full size-full\" alt=\"\" srcset=\"https:\/\/visionciudadana.com.mx\/oficial\/wp-content\/uploads\/2025\/07\/img_5833-1.jpg 576w, https:\/\/visionciudadana.com.mx\/oficial\/wp-content\/uploads\/2025\/07\/img_5833-1-300x200.jpg 300w\" sizes=\"(max-width: 576px) 100vw, 576px\" \/>\t\t\t\t\t<\/div>\n\t\n\t<div class=\"xpro-post-grid-content\">\n\n\t\t\n\t\t\t\t\t<ul class=\"xpro-post-grid-meta-list\">\n\t\t\t\t\t\t\t\t\t\t\t\t\t\t\t<li class=\"xpro-post-grid-meta-date\">\n\t\t\t\t\t\t\t<i aria-hidden=\"true\" class=\"far fa-calendar\"><\/i>\t\t\t\t\t\t\t08\/07\/2025\t\t\t\t\t\t<\/li>\n\t\t\t\t\t\t\t\t\t\t\t\t\t\t\t\n\t\t\t\t\t\t\t<\/ul>\n\t\t\n\t\t<a href=\"https:\/\/visionciudadana.com.mx\/oficial\/2025\/07\/08\/estudios-demuestran-que-la-oracion-y-la-meditacion-constantes-cambian-tu-cerebro\/\">\n\t\t\t<h2 class=\"xpro-post-grid-title\">Estudios demuestran que la oraci\u00f3n y la meditaci\u00f3n constantes cambian tu cerebro<\/h2>\n\t\t<\/a>\n\n\t\t\n\t\t\t\t\t<p class=\"xpro-post-grid-excerpt\">El neurocient\u00edfico Dr. Andrew Newberg descubri\u00f3 que la oraci\u00f3n activa el l\u00f3bulo frontal, lo que mejora el enfoque y la toma de decisiones a trav\u00e9s de la neuroplasticidad. Adem\u00e1s,...<\/p>\n\t\t\t\t\t\t\t<a href=\"https:\/\/visionciudadana.com.mx\/oficial\/2025\/07\/08\/estudios-demuestran-que-la-oracion-y-la-meditacion-constantes-cambian-tu-cerebro\/\" class=\"xpro-post-grid-btn\">Ver +<\/a>\n\t\t\t\t\n\t\t\n\t<\/div>\n<\/div>\n\n<div class=\"cbp-item xpro-post-grid-item\">\n\t\t\t<div class=\"xpro-post-grid-image\">\n\t\t\t<img loading=\"lazy\" decoding=\"async\" width=\"1820\" height=\"1213\" src=\"https:\/\/visionciudadana.com.mx\/oficial\/wp-content\/uploads\/2025\/07\/img_5827-1.jpg\" class=\"attachment-full size-full\" alt=\"\" srcset=\"https:\/\/visionciudadana.com.mx\/oficial\/wp-content\/uploads\/2025\/07\/img_5827-1.jpg 1820w, https:\/\/visionciudadana.com.mx\/oficial\/wp-content\/uploads\/2025\/07\/img_5827-1-300x200.jpg 300w, https:\/\/visionciudadana.com.mx\/oficial\/wp-content\/uploads\/2025\/07\/img_5827-1-1024x682.jpg 1024w, https:\/\/visionciudadana.com.mx\/oficial\/wp-content\/uploads\/2025\/07\/img_5827-1-768x512.jpg 768w, https:\/\/visionciudadana.com.mx\/oficial\/wp-content\/uploads\/2025\/07\/img_5827-1-1536x1024.jpg 1536w\" sizes=\"(max-width: 1820px) 100vw, 1820px\" \/>\t\t\t\t\t<\/div>\n\t\n\t<div class=\"xpro-post-grid-content\">\n\n\t\t\n\t\t\t\t\t<ul class=\"xpro-post-grid-meta-list\">\n\t\t\t\t\t\t\t\t\t\t\t\t\t\t\t<li class=\"xpro-post-grid-meta-date\">\n\t\t\t\t\t\t\t<i aria-hidden=\"true\" class=\"far fa-calendar\"><\/i>\t\t\t\t\t\t\t08\/07\/2025\t\t\t\t\t\t<\/li>\n\t\t\t\t\t\t\t\t\t\t\t\t\t\t\t\n\t\t\t\t\t\t\t<\/ul>\n\t\t\n\t\t<a href=\"https:\/\/visionciudadana.com.mx\/oficial\/2025\/07\/08\/descubren-hongo-que-devora-el-plastico\/\">\n\t\t\t<h2 class=\"xpro-post-grid-title\">Descubren hongo que devora el pl\u00e1stico.&nbsp;<\/h2>\n\t\t<\/a>\n\n\t\t\n\t\t\t\t\t<p class=\"xpro-post-grid-excerpt\">Un grupo de cient\u00edficos descubri\u00f3 un hongo capaz de descomponer pl\u00e1stico m\u00e1s r\u00e1pido de lo que jam\u00e1s imaginamos.&nbsp; Se llama Aspergillus tubingensis y fue hallado en un vertedero en...<\/p>\n\t\t\t\t\t\t\t<a href=\"https:\/\/visionciudadana.com.mx\/oficial\/2025\/07\/08\/descubren-hongo-que-devora-el-plastico\/\" class=\"xpro-post-grid-btn\">Ver +<\/a>\n\t\t\t\t\n\t\t\n\t<\/div>\n<\/div>\n\n\t\t\t\t<\/div>\n\n\t\t\t\t\n\t\t\t\t\t<nav class=\"xpro-elementor-post-pagination\" role=\"navigation\"\n\t\t\t\t\t\t aria-label=\"Pagination\">\n\t\t\t\t\t\t<span aria-current=\"page\" class=\"page-numbers current\">1<\/span>\n<a class=\"page-numbers\" href=\"https:\/\/visionciudadana.com.mx\/oficial\/wp-json\/wp\/v2\/pages\/26690\/page\/2\/\">2<\/a>\n<a class=\"page-numbers\" href=\"https:\/\/visionciudadana.com.mx\/oficial\/wp-json\/wp\/v2\/pages\/26690\/page\/3\/\">3<\/a>\n<span class=\"page-numbers dots\">&hellip;<\/span>\n<a class=\"page-numbers\" href=\"https:\/\/visionciudadana.com.mx\/oficial\/wp-json\/wp\/v2\/pages\/26690\/page\/23\/\">23<\/a>\n<a class=\"next page-numbers\" href=\"https:\/\/visionciudadana.com.mx\/oficial\/wp-json\/wp\/v2\/pages\/26690\/page\/2\/\"><span class=\"xpro-elementor-post-pagination-next-text\">Next<\/span><i class=\"fasfa-arrow-right\"><\/i><\/a>\t\t\t\t\t<\/nav>\n\n\t\t\t\t\t\n\t\t<\/div>\n\n\t\t\t\t\t\t<\/div>\n\t\t\t\t<\/div>\n\t\t\t\t<\/div>\n\t\t<div class=\"elementor-element elementor-element-574f09a5 e-con-full e-flex e-con e-child\" data-id=\"574f09a5\" data-element_type=\"container\" data-e-type=\"container\">\n\t\t\t\t<div class=\"elementor-element elementor-element-2333dda elementor-widget__width-inherit elementor-widget elementor-widget-shortcode\" data-id=\"2333dda\" data-element_type=\"widget\" data-e-type=\"widget\" data-widget_type=\"shortcode.default\">\n\t\t\t\t<div class=\"elementor-widget-container\">\n\t\t\t\t\t\t\t<div class=\"elementor-shortcode\"><div id=\"metaslider-id-25581\" style=\"width: 100%; margin: 0 auto;\" class=\"ml-slider-3-109-0 metaslider metaslider-flex metaslider-25581 ml-slider hide-arrows-smartphone ms-theme-default-base nav-hidden\" role=\"region\" aria-label=\"Publicidad Derecha\" data-height=\"500\" data-width=\"300\">\n    <div id=\"metaslider_container_25581\">\n        <div id=\"metaslider_25581\">\n            <ul class='slides'>\n                <li style=\"display: block; width: 100%;\" class=\"slide-39265 ms-image \" aria-roledescription=\"slide\" data-date=\"2026-02-11 11:11:07\" data-filename=\"vision-medallahonor.png\" data-slide-type=\"image\"><img loading=\"lazy\" decoding=\"async\" width=\"1151\" height=\"1439\" src=\"https:\/\/visionciudadana.com.mx\/oficial\/wp-content\/uploads\/2026\/02\/vision-medallahonor.png\" class=\"slider-25581 slide-39265 msDefaultImage\" alt=\"\" rel=\"\" title=\"vision-medallahonor\" srcset=\"https:\/\/visionciudadana.com.mx\/oficial\/wp-content\/uploads\/2026\/02\/vision-medallahonor.png 1151w, https:\/\/visionciudadana.com.mx\/oficial\/wp-content\/uploads\/2026\/02\/vision-medallahonor-240x300.png 240w, https:\/\/visionciudadana.com.mx\/oficial\/wp-content\/uploads\/2026\/02\/vision-medallahonor-819x1024.png 819w, https:\/\/visionciudadana.com.mx\/oficial\/wp-content\/uploads\/2026\/02\/vision-medallahonor-768x960.png 768w\" sizes=\"(max-width: 1151px) 100vw, 1151px\" \/><\/li>\n                <li style=\"display: none; width: 100%;\" class=\"slide-25585 ms-image \" aria-roledescription=\"slide\" data-date=\"2025-06-23 16:38:57\" data-filename=\"iees-24jun22-1.jpg\" data-slide-type=\"image\"><img loading=\"lazy\" decoding=\"async\" width=\"309\" height=\"463\" src=\"https:\/\/visionciudadana.com.mx\/oficial\/wp-content\/uploads\/2025\/06\/iees-24jun22-1.jpg\" class=\"slider-25581 slide-25585 msDefaultImage\" alt=\"\" rel=\"\" title=\"iees-24jun22-1\" \/><\/li>\n                <li style=\"display: none; width: 100%;\" class=\"slide-37340 ms-image \" aria-roledescription=\"slide\" data-date=\"2025-11-26 18:47:14\" data-filename=\"UAS-Mayo.jpg\" data-slide-type=\"image\"><img loading=\"lazy\" decoding=\"async\" width=\"308\" height=\"462\" src=\"https:\/\/visionciudadana.com.mx\/oficial\/wp-content\/uploads\/2026\/05\/UAS-Mayo.jpg\" class=\"slider-25581 slide-37340 msDefaultImage\" alt=\"\" rel=\"\" title=\"UAS Mayo\" srcset=\"https:\/\/visionciudadana.com.mx\/oficial\/wp-content\/uploads\/2026\/05\/UAS-Mayo.jpg 308w, https:\/\/visionciudadana.com.mx\/oficial\/wp-content\/uploads\/2026\/05\/UAS-Mayo-200x300.jpg 200w\" sizes=\"(max-width: 308px) 100vw, 308px\" \/><\/li>\n            <\/ul>\n        <\/div>\n        \n    <\/div>\n<\/div><\/div>\n\t\t\t\t\t\t<\/div>\n\t\t\t\t<\/div>\n\t\t\t\t<div class=\"elementor-element elementor-element-07983e8 elementor-hidden-tablet elementor-hidden-mobile elementor-widget elementor-widget-heading\" data-id=\"07983e8\" data-element_type=\"widget\" data-e-type=\"widget\" data-widget_type=\"heading.default\">\n\t\t\t\t<div class=\"elementor-widget-container\">\n\t\t\t\t\t<h2 class=\"elementor-heading-title elementor-size-default\">Otras Noticias<\/h2>\t\t\t\t<\/div>\n\t\t\t\t<\/div>\n\t\t\t\t<div class=\"elementor-element elementor-element-1b3215c elementor-hidden-tablet elementor-hidden-mobile elementor-widget elementor-widget-xpro-post-grid\" data-id=\"1b3215c\" data-element_type=\"widget\" data-e-type=\"widget\" data-settings=\"{&quot;column_grid&quot;:&quot;1&quot;,&quot;space_between&quot;:{&quot;unit&quot;:&quot;px&quot;,&quot;size&quot;:2,&quot;sizes&quot;:[]},&quot;column_grid_tablet&quot;:&quot;2&quot;,&quot;column_grid_mobile&quot;:&quot;1&quot;,&quot;space_between_tablet&quot;:{&quot;unit&quot;:&quot;px&quot;,&quot;size&quot;:15,&quot;sizes&quot;:[]},&quot;space_between_mobile&quot;:{&quot;unit&quot;:&quot;px&quot;,&quot;size&quot;:15,&quot;sizes&quot;:[]},&quot;content_height&quot;:{&quot;unit&quot;:&quot;px&quot;,&quot;size&quot;:&quot;&quot;,&quot;sizes&quot;:[]},&quot;content_height_tablet&quot;:{&quot;unit&quot;:&quot;px&quot;,&quot;size&quot;:&quot;&quot;,&quot;sizes&quot;:[]},&quot;content_height_mobile&quot;:{&quot;unit&quot;:&quot;px&quot;,&quot;size&quot;:&quot;&quot;,&quot;sizes&quot;:[]}}\" data-widget_type=\"xpro-post-grid.default\">\n\t\t\t\t<div class=\"elementor-widget-container\">\n\t\t\t\t\t\n\t\t<div class=\"xpro-post-grid-wrapper xpro-post-grid-layout-1\">\n\n\t\t\t\n\t\t\t\t<div class=\"xpro-post-grid-main cbp\">\n\n\t\t\t\t\t\n<div class=\"cbp-item xpro-post-grid-item\">\n\t\n\t<div class=\"xpro-post-grid-content\">\n\n\t\t\n\t\t\t\t\t<ul class=\"xpro-post-grid-meta-list\">\n\t\t\t\t\t\t\t\t\t\t\t\t\t\t\t<li class=\"xpro-post-grid-meta-date\">\n\t\t\t\t\t\t\t<i aria-hidden=\"true\" class=\"far fa-calendar\"><\/i>\t\t\t\t\t\t\t14\/05\/2026\t\t\t\t\t\t<\/li>\n\t\t\t\t\t\t\t\t\t\t\t\t\t\t\t\n\t\t\t\t\t\t\t<\/ul>\n\t\t\n\t\t<a href=\"https:\/\/visionciudadana.com.mx\/oficial\/2026\/05\/14\/urge-paola-garate-al-congreso-estatal-a-unirse-para-frenar-abusos-de-la-cfe\/\">\n\t\t\t<h2 class=\"xpro-post-grid-title\">Urge Paola G\u00e1rate al Congreso estatal a unirse para frenar abusos de la CFE<\/h2>\n\t\t<\/a>\n\n\t\t\n\t\t\t\t\t<p class=\"xpro-post-grid-excerpt\">Culiac\u00e1n, Sin., 14 de mayo de 2026.- La diputada...<\/p>\n\t\t\t\t\t\t\t<a href=\"https:\/\/visionciudadana.com.mx\/oficial\/2026\/05\/14\/urge-paola-garate-al-congreso-estatal-a-unirse-para-frenar-abusos-de-la-cfe\/\" class=\"xpro-post-grid-btn\">Leer+<\/a>\n\t\t\t\t\n\t\t\n\t<\/div>\n<\/div>\n\n<div class=\"cbp-item xpro-post-grid-item\">\n\t\n\t<div class=\"xpro-post-grid-content\">\n\n\t\t\n\t\t\t\t\t<ul class=\"xpro-post-grid-meta-list\">\n\t\t\t\t\t\t\t\t\t\t\t\t\t\t\t<li class=\"xpro-post-grid-meta-date\">\n\t\t\t\t\t\t\t<i aria-hidden=\"true\" class=\"far fa-calendar\"><\/i>\t\t\t\t\t\t\t14\/05\/2026\t\t\t\t\t\t<\/li>\n\t\t\t\t\t\t\t\t\t\t\t\t\t\t\t\n\t\t\t\t\t\t\t<\/ul>\n\t\t\n\t\t<a href=\"https:\/\/visionciudadana.com.mx\/oficial\/2026\/05\/14\/mujeres-del-campo-se-empoderan-con-reforma-aprobada-pri-y-morena\/\">\n\t\t\t<h2 class=\"xpro-post-grid-title\">Mujeres del campo se empoderan con reforma aprobada: PRI y Morena<\/h2>\n\t\t<\/a>\n\n\t\t\n\t\t\t\t\t<p class=\"xpro-post-grid-excerpt\">Culiac\u00e1n, Sinaloa. A 14 de mayo de 2026.- Diputadas...<\/p>\n\t\t\t\t\t\t\t<a href=\"https:\/\/visionciudadana.com.mx\/oficial\/2026\/05\/14\/mujeres-del-campo-se-empoderan-con-reforma-aprobada-pri-y-morena\/\" class=\"xpro-post-grid-btn\">Leer+<\/a>\n\t\t\t\t\n\t\t\n\t<\/div>\n<\/div>\n\n<div class=\"cbp-item xpro-post-grid-item\">\n\t\n\t<div class=\"xpro-post-grid-content\">\n\n\t\t\n\t\t\t\t\t<ul class=\"xpro-post-grid-meta-list\">\n\t\t\t\t\t\t\t\t\t\t\t\t\t\t\t<li class=\"xpro-post-grid-meta-date\">\n\t\t\t\t\t\t\t<i aria-hidden=\"true\" class=\"far fa-calendar\"><\/i>\t\t\t\t\t\t\t14\/05\/2026\t\t\t\t\t\t<\/li>\n\t\t\t\t\t\t\t\t\t\t\t\t\t\t\t\n\t\t\t\t\t\t\t<\/ul>\n\t\t\n\t\t<a href=\"https:\/\/visionciudadana.com.mx\/oficial\/2026\/05\/14\/investigador-advierte-sobre-vigilancia-epidemiologica-en-mexico-ante-brotes-internacionales-de-hantavirus-recomiendan-extremar-medidas-de-higiene-y-ventilacion\/\">\n\t\t\t<h2 class=\"xpro-post-grid-title\">Investigador advierte sobre vigilancia epidemiol\u00f3gica en M\u00e9xico ante brotes internacionales de hantavirus; recomiendan extremar medidas de higiene y ventilaci\u00f3n<\/h2>\n\t\t<\/a>\n\n\t\t\n\t\t\t\t\t<p class=\"xpro-post-grid-excerpt\">Culiac\u00e1n, Sinaloa; mayo 14 de 2026.- El hantavirus es...<\/p>\n\t\t\t\t\t\t\t<a href=\"https:\/\/visionciudadana.com.mx\/oficial\/2026\/05\/14\/investigador-advierte-sobre-vigilancia-epidemiologica-en-mexico-ante-brotes-internacionales-de-hantavirus-recomiendan-extremar-medidas-de-higiene-y-ventilacion\/\" class=\"xpro-post-grid-btn\">Leer+<\/a>\n\t\t\t\t\n\t\t\n\t<\/div>\n<\/div>\n\n<div class=\"cbp-item xpro-post-grid-item\">\n\t\n\t<div class=\"xpro-post-grid-content\">\n\n\t\t\n\t\t\t\t\t<ul class=\"xpro-post-grid-meta-list\">\n\t\t\t\t\t\t\t\t\t\t\t\t\t\t\t<li class=\"xpro-post-grid-meta-date\">\n\t\t\t\t\t\t\t<i aria-hidden=\"true\" class=\"far fa-calendar\"><\/i>\t\t\t\t\t\t\t14\/05\/2026\t\t\t\t\t\t<\/li>\n\t\t\t\t\t\t\t\t\t\t\t\t\t\t\t\n\t\t\t\t\t\t\t<\/ul>\n\t\t\n\t\t<a href=\"https:\/\/visionciudadana.com.mx\/oficial\/2026\/05\/14\/liberaran-2-millones-300-mil-alevines-para-la-siembra-en-los-14-embalses-de-agua-dulce-del-municipio\/\">\n\t\t\t<h2 class=\"xpro-post-grid-title\">Liberar\u00e1n 2 millones 300 mil alevines para la siembra en los 14 embalses de agua dulce del municipio<\/h2>\n\t\t<\/a>\n\n\t\t\n\t\t\t\t\t<p class=\"xpro-post-grid-excerpt\">Culiac\u00e1n, Sinaloa; jueves 14 de mayo de 2026.- El...<\/p>\n\t\t\t\t\t\t\t<a href=\"https:\/\/visionciudadana.com.mx\/oficial\/2026\/05\/14\/liberaran-2-millones-300-mil-alevines-para-la-siembra-en-los-14-embalses-de-agua-dulce-del-municipio\/\" class=\"xpro-post-grid-btn\">Leer+<\/a>\n\t\t\t\t\n\t\t\n\t<\/div>\n<\/div>\n\n\t\t\t\t<\/div>\n\n\t\t\t\t\n\t\t<\/div>\n\n\t\t\t\t\t\t<\/div>\n\t\t\t\t<\/div>\n\t\t\t\t<\/div>\n\t\t\t\t\t<\/div>\n\t\t\t\t<\/div>\n\t\t\t\t<\/div>\n\t\t","protected":false},"excerpt":{"rendered":"<p>Noticias Tecnolog\u00eda, Ciencia y El Ser marzo 23, 2024 Fallece mujer en Brasil tras cirug\u00eda para extraer feto calcificado de m\u00e1s de 30 a\u00f1os En un lamentable suceso que ha conmovido al estado de Mato Grosso do Sul, Brasil, una mujer ind\u00edgena de 81 a\u00f1os perdi\u00f3 la vida despu\u00e9s de someterse a una&#8230; Ver + [&hellip;]<\/p>\n","protected":false},"author":1,"featured_media":0,"parent":0,"menu_order":0,"comment_status":"closed","ping_status":"closed","template":"elementor_header_footer","meta":{"footnotes":""},"class_list":["post-26690","page","type-page","status-publish","hentry"],"aioseo_notices":[],"_links":{"self":[{"href":"https:\/\/visionciudadana.com.mx\/oficial\/wp-json\/wp\/v2\/pages\/26690","targetHints":{"allow":["GET"]}}],"collection":[{"href":"https:\/\/visionciudadana.com.mx\/oficial\/wp-json\/wp\/v2\/pages"}],"about":[{"href":"https:\/\/visionciudadana.com.mx\/oficial\/wp-json\/wp\/v2\/types\/page"}],"author":[{"embeddable":true,"href":"https:\/\/visionciudadana.com.mx\/oficial\/wp-json\/wp\/v2\/users\/1"}],"replies":[{"embeddable":true,"href":"https:\/\/visionciudadana.com.mx\/oficial\/wp-json\/wp\/v2\/comments?post=26690"}],"version-history":[{"count":4,"href":"https:\/\/visionciudadana.com.mx\/oficial\/wp-json\/wp\/v2\/pages\/26690\/revisions"}],"predecessor-version":[{"id":26694,"href":"https:\/\/visionciudadana.com.mx\/oficial\/wp-json\/wp\/v2\/pages\/26690\/revisions\/26694"}],"wp:attachment":[{"href":"https:\/\/visionciudadana.com.mx\/oficial\/wp-json\/wp\/v2\/media?parent=26690"}],"curies":[{"name":"wp","href":"https:\/\/api.w.org\/{rel}","templated":true}]}}